{"id":2740,"date":"2024-09-13T09:51:40","date_gmt":"2024-09-13T09:51:40","guid":{"rendered":"https:\/\/bumblebeefolks.com\/jetzt-mitarbeiter-finden\/"},"modified":"2025-06-06T05:17:40","modified_gmt":"2025-06-06T05:17:40","slug":"jetzt-mitarbeiter-finden","status":"publish","type":"page","link":"https:\/\/bumblebeefolks.com\/de\/jetzt-mitarbeiter-finden\/","title":{"rendered":"Jetzt Mitarbeiter finden"},"content":{"rendered":"\t\t<div data-elementor-type=\"wp-page\" data-elementor-id=\"2740\" class=\"elementor elementor-2740 elementor-1085\">\n\t\t\t\t<div class=\"elementor-element elementor-element-0e410c6 e-flex e-con-boxed e-con e-parent\" data-id=\"0e410c6\" data-element_type=\"container\" data-e-type=\"container\">\n\t\t\t\t\t<div class=\"e-con-inner\">\n\t\t\t\t\t<\/div>\n\t\t\t\t<\/div>\n\t\t<div class=\"elementor-element elementor-element-f1e9230 e-flex e-con-boxed e-con e-parent\" data-id=\"f1e9230\" data-element_type=\"container\" data-e-type=\"container\">\n\t\t\t\t\t<div class=\"e-con-inner\">\n\t\t\t\t<div class=\"elementor-element elementor-element-6d2493b de_scroll_animation_no elementor-widget elementor-widget-heading\" data-id=\"6d2493b\" data-element_type=\"widget\" data-e-type=\"widget\" data-widget_type=\"heading.default\">\n\t\t\t\t<div class=\"elementor-widget-container\">\n\t\t\t\t\t<h2 class=\"elementor-heading-title elementor-size-default\">Jetzt Mitarbeiter finden<\/h2>\t\t\t\t<\/div>\n\t\t\t\t<\/div>\n\t\t<div class=\"elementor-element elementor-element-b1b2a44 e-con-full e-flex e-con e-child\" data-id=\"b1b2a44\" data-element_type=\"container\" data-e-type=\"container\">\n\t\t\t\t<div class=\"elementor-element elementor-element-e76af08 de_scroll_animation_no elementor-widget elementor-widget-text-editor\" data-id=\"e76af08\" data-element_type=\"widget\" data-e-type=\"widget\" data-widget_type=\"text-editor.default\">\n\t\t\t\t<div class=\"elementor-widget-container\">\n\t\t\t\t\t\t\t\t\t<ul>\n \t<li>Bitte machen Sie nachstehend Angaben zu Ihrem Unternehmen und den von Ihnen gesuchten Mitarbeitern.<\/li>\n \t<li>Bei der Anzahl der Auszubildenden bzw. Facharbeiter ist als Antwort \u201e0\u201c zul\u00e4ssig.<\/li>\n \t<li>Durch Dr\u00fccken des \u201e+\u201c-Symbols k\u00f6nnen Sie weitere Berufe hinzuf\u00fcgen.<\/li>\n \t<li>Das Ausf\u00fcllen des Formulars ist unverbindlich und wir werden uns mit Ihnen in Verbindung setzen, um Ihre Anforderungen weiter zu besprechen.<\/li>\n<\/ul>\t\t\t\t\t\t\t\t<\/div>\n\t\t\t\t<\/div>\n\t\t\t\t<\/div>\n\t\t\t\t<div class=\"elementor-element elementor-element-e6a6924 de_scroll_animation_no elementor-widget elementor-widget-text-editor\" data-id=\"e6a6924\" data-element_type=\"widget\" data-e-type=\"widget\" data-widget_type=\"text-editor.default\">\n\t\t\t\t<div class=\"elementor-widget-container\">\n\t\t\t\t\t\t\t\t\t\n<div class=\"wpcf7 no-js\" id=\"wpcf7-f2840-o1\" lang=\"de-DE\" dir=\"ltr\" data-wpcf7-id=\"2840\">\n<div class=\"screen-reader-response\"><p role=\"status\" aria-live=\"polite\" aria-atomic=\"true\"><\/p> <ul><\/ul><\/div>\n<form action=\"\/de\/wp-json\/wp\/v2\/pages\/2740#wpcf7-f2840-o1\" method=\"post\" class=\"wpcf7-form init\" aria-label=\"Kontaktformular\" novalidate=\"novalidate\" data-status=\"init\">\n<fieldset class=\"hidden-fields-container\"><input type=\"hidden\" name=\"_wpcf7\" value=\"2840\" \/><input type=\"hidden\" name=\"_wpcf7_version\" value=\"6.1.5\" \/><input type=\"hidden\" name=\"_wpcf7_locale\" value=\"de_DE\" \/><input type=\"hidden\" name=\"_wpcf7_unit_tag\" value=\"wpcf7-f2840-o1\" \/><input type=\"hidden\" name=\"_wpcf7_container_post\" value=\"0\" \/><input type=\"hidden\" name=\"_wpcf7_posted_data_hash\" value=\"\" \/><input type=\"hidden\" name=\"_uacf7_hidden_conditional_fields\" value=\"\" \/><input type=\"hidden\" name=\"_wpcf7_recaptcha_response\" value=\"\" \/>\n<\/fieldset>\n<div class=\"uacf7-form-wrapper-container uacf7-form-2840  \"><div style=\"display:flex;justify-content:space-between; gap:20px;\">\n <label class=\"labels\" style=\"flex:0.5\"> Firmenname*\n <span class=\"wpcf7-form-control-wrap\" data-name=\"text-501\"><input size=\"40\" maxlength=\"400\" class=\"wpcf7-form-control wpcf7-text wpcf7-validates-as-required\" aria-required=\"true\" aria-invalid=\"false\" value=\"Firmenname\" type=\"text\" name=\"text-501\" \/><\/span><\/label>\n\n<label class=\"labels \" style=\"flex:0.5\"> Arbeitsbereich des Unternehmens*\n <span class=\"wpcf7-form-control-wrap\" data-name=\"text-502\"><input size=\"40\" maxlength=\"400\" class=\"wpcf7-form-control wpcf7-text wpcf7-validates-as-required\" aria-required=\"true\" aria-invalid=\"false\" value=\"Arbeitsbereich des Unternehmens\" type=\"text\" name=\"text-502\" \/><\/span> <\/label> \n<\/div>\n\n<div style=\"display:flex;justify-content:space-between; gap:20px;\">\n\n <label class=\"labels \" style=\"flex:0.5\"> Website des Unternehmens*\n <span class=\"wpcf7-form-control-wrap\" data-name=\"url-147\"><input size=\"40\" maxlength=\"400\" class=\"wpcf7-form-control wpcf7-url wpcf7-validates-as-required wpcf7-text wpcf7-validates-as-url\" aria-required=\"true\" aria-invalid=\"false\" value=\"Website des Unternehmens\" type=\"url\" name=\"url-147\" \/><\/span> <\/label>\n\n\n<label class=\"labels\" style=\"flex:0.5\"> Name der Kontaktperson*\n <span class=\"wpcf7-form-control-wrap\" data-name=\"text-503\"><input size=\"40\" maxlength=\"400\" class=\"wpcf7-form-control wpcf7-text wpcf7-validates-as-required\" aria-required=\"true\" aria-invalid=\"false\" value=\"Name der Kontaktperson\" type=\"text\" name=\"text-503\" \/><\/span> <\/label> \n<\/div>\n\n<div style=\"display:flex;justify-content:space-between; gap:20px;\">\n <label class=\"labels \" style=\"flex:0.5\"> E-Mail*\n <span class=\"wpcf7-form-control-wrap\" data-name=\"email-523\"><input size=\"40\" maxlength=\"400\" class=\"wpcf7-form-control wpcf7-email wpcf7-validates-as-required wpcf7-text wpcf7-validates-as-email\" aria-required=\"true\" aria-invalid=\"false\" value=\"Ihre E-Mail\" type=\"email\" name=\"email-523\" \/><\/span> <\/label>\n\n<label class=\"labels \" style=\"flex:0.5\">Telefonnummer*\n <span class=\"wpcf7-form-control-wrap\" data-name=\"tel-42\"><input size=\"40\" maxlength=\"400\" class=\"wpcf7-form-control wpcf7-tel wpcf7-validates-as-required wpcf7-text wpcf7-validates-as-tel\" aria-required=\"true\" aria-invalid=\"false\" value=\"Ihre Telefonnummer\" type=\"tel\" name=\"tel-42\" \/><\/span><\/label>\n\n<\/div>\n\n<h3>Wen suchen Sie?<\/h3>\n<div data-wpcf7-group-id=\"looking_for_people_111\" id=\"\" tabindex=\"1\" class=\"wpcf7-field-groups \"><div class=\"wpcf7-field-group\">\n<div style=\"display: flex; justify-content: space-between; gap: 20px;\">\n\n        <label class=\"labels looking\" style=\"flex: 0.25;\">F\u00fcr welchen Beruf?*\n <span class=\"wpcf7-form-control-wrap\" data-name=\"text-570\"><input size=\"40\" maxlength=\"400\" class=\"wpcf7-form-control wpcf7-text wpcf7-validates-as-required\" aria-required=\"true\" aria-invalid=\"false\" value=\"F\u00fcr welchen Beruf?\" type=\"text\" name=\"text-570\" \/><\/span>\n     \n        <\/label>\n\n        <label class=\"labels looking\" style=\"flex: 0.25;\">Wie viele Lehrlinge?*\n <span class=\"wpcf7-form-control-wrap\" data-name=\"text-35\"><input size=\"40\" maxlength=\"400\" class=\"wpcf7-form-control wpcf7-text wpcf7-validates-as-required\" aria-required=\"true\" aria-invalid=\"false\" value=\"Wie viele Lehrlinge?\" type=\"text\" name=\"text-35\" \/><\/span>\n            \n        <\/label>\n\n        <label class=\"labels looking\" style=\"flex: 0.25;\">Wie viele Facharbeiter?*\n <span class=\"wpcf7-form-control-wrap\" data-name=\"text-897\"><input size=\"40\" maxlength=\"400\" class=\"wpcf7-form-control wpcf7-text wpcf7-validates-as-required\" aria-required=\"true\" aria-invalid=\"false\" value=\"Wie viele Facharbeiter?\" type=\"text\" name=\"text-897\" \/><\/span>\n        <\/label>\n\n        <label class=\"labels looking\" style=\"flex: 0.25;\">F\u00fcr welchen Unternehmensstandort*\n <span class=\"wpcf7-form-control-wrap\" data-name=\"text-283\"><input size=\"40\" maxlength=\"400\" class=\"wpcf7-form-control wpcf7-text wpcf7-validates-as-required\" aria-required=\"true\" aria-invalid=\"false\" value=\"F\u00fcr welchen Unternehmensstandort\" type=\"text\" name=\"text-283\" \/><\/span>\n        <\/label>\n\n    <\/div>\n  <button type='button' class='wpcf7-field-group-remove '>&#8211;<\/button><button type='button' class='wpcf7-field-group-add '>+<\/button><input type=\"hidden\" class=\"wpcf7-field-group-count\" name=\"_wpcf7_groups_count[suche_nach_Personen]\" value=\"1\" \/><\/div><\/div>\n\n\n\n\n\n\n\n<div style=\"display:flex;justify-content:space-between; gap:20px;\">\n<label class=\"labels \" style=\"flex:0.5; margin-bottom:10px;\">Gibt es noch weitere Einzelheiten?\n   <span class=\"wpcf7-form-control-wrap\" data-name=\"text-336\"><input size=\"40\" maxlength=\"400\" class=\"wpcf7-form-control wpcf7-text\" aria-invalid=\"false\" value=\"\" type=\"text\" name=\"text-336\" \/><\/span><\/label><\/div>\n\n\n\n<input class=\"wpcf7-form-control wpcf7-submit has-spinner\" type=\"submit\" value=\"Absenden\" \/><\/div><div class=\"wpcf7-response-output\" aria-hidden=\"true\"><\/div>\n<\/form>\n<\/div>\n\t\t\t\t\t\t\t\t<\/div>\n\t\t\t\t<\/div>\n\t\t\t\t\t<\/div>\n\t\t\t\t<\/div>\n\t\t\t\t<\/div>\n\t\t","protected":false},"excerpt":{"rendered":"<p>Jetzt Mitarbeiter finden Bitte machen Sie nachstehend Angaben zu Ihrem Unternehmen und den von Ihnen gesuchten Mitarbeitern. Bei der Anzahl der Auszubildenden bzw. Facharbeiter ist als Antwort \u201e0\u201c zul\u00e4ssig. Durch Dr\u00fccken des \u201e+\u201c-Symbols k\u00f6nnen Sie weitere Berufe hinzuf\u00fcgen. Das Ausf\u00fcllen des Formulars ist unverbindlich und wir werden uns mit Ihnen in Verbindung setzen, um Ihre [&hellip;]<\/p>\n","protected":false},"author":1,"featured_media":0,"parent":0,"menu_order":0,"comment_status":"closed","ping_status":"closed","template":"","meta":{"footnotes":""},"class_list":["post-2740","page","type-page","status-publish","hentry"],"_links":{"self":[{"href":"https:\/\/bumblebeefolks.com\/de\/wp-json\/wp\/v2\/pages\/2740","targetHints":{"allow":["GET"]}}],"collection":[{"href":"https:\/\/bumblebeefolks.com\/de\/wp-json\/wp\/v2\/pages"}],"about":[{"href":"https:\/\/bumblebeefolks.com\/de\/wp-json\/wp\/v2\/types\/page"}],"author":[{"embeddable":true,"href":"https:\/\/bumblebeefolks.com\/de\/wp-json\/wp\/v2\/users\/1"}],"replies":[{"embeddable":true,"href":"https:\/\/bumblebeefolks.com\/de\/wp-json\/wp\/v2\/comments?post=2740"}],"version-history":[{"count":1,"href":"https:\/\/bumblebeefolks.com\/de\/wp-json\/wp\/v2\/pages\/2740\/revisions"}],"predecessor-version":[{"id":2744,"href":"https:\/\/bumblebeefolks.com\/de\/wp-json\/wp\/v2\/pages\/2740\/revisions\/2744"}],"wp:attachment":[{"href":"https:\/\/bumblebeefolks.com\/de\/wp-json\/wp\/v2\/media?parent=2740"}],"curies":[{"name":"wp","href":"https:\/\/api.w.org\/{rel}","templated":true}]}}