{"id":2761,"date":"2024-09-11T09:31:26","date_gmt":"2024-09-11T09:31:26","guid":{"rendered":"https:\/\/bumblebeefolks.com\/rechtliche-hinweise-impressum\/"},"modified":"2025-09-10T09:44:58","modified_gmt":"2025-09-10T09:44:58","slug":"rechtliche-hinweise-impressum","status":"publish","type":"page","link":"https:\/\/bumblebeefolks.com\/de\/rechtliche-hinweise-impressum\/","title":{"rendered":"Rechtliche Hinweise\/Impressum"},"content":{"rendered":"\t\t<div data-elementor-type=\"wp-page\" data-elementor-id=\"2761\" class=\"elementor elementor-2761 elementor-740\">\n\t\t\t\t<div class=\"elementor-element elementor-element-06bbdc6 e-flex e-con-boxed e-con e-parent\" data-id=\"06bbdc6\" data-element_type=\"container\" data-e-type=\"container\">\n\t\t\t\t\t<div class=\"e-con-inner\">\n\t\t\t\t\t<\/div>\n\t\t\t\t<\/div>\n\t\t<div class=\"elementor-element elementor-element-acb0234 e-flex e-con-boxed e-con e-parent\" data-id=\"acb0234\" data-element_type=\"container\" data-e-type=\"container\">\n\t\t\t\t\t<div class=\"e-con-inner\">\n\t\t\t\t<div class=\"elementor-element elementor-element-6b0adb8 de_scroll_animation_no elementor-invisible elementor-widget elementor-widget-heading\" data-id=\"6b0adb8\" data-element_type=\"widget\" data-e-type=\"widget\" data-settings=\"{&quot;_animation&quot;:&quot;fadeInUp&quot;}\" data-widget_type=\"heading.default\">\n\t\t\t\t<div class=\"elementor-widget-container\">\n\t\t\t\t\t<h2 class=\"elementor-heading-title elementor-size-default\">Rechtliche Hinweise<\/h2>\t\t\t\t<\/div>\n\t\t\t\t<\/div>\n\t\t\t\t\t<\/div>\n\t\t\t\t<\/div>\n\t\t<div class=\"elementor-element elementor-element-8f3b65c e-flex e-con-boxed e-con e-parent\" data-id=\"8f3b65c\" data-element_type=\"container\" data-e-type=\"container\">\n\t\t\t\t\t<div class=\"e-con-inner\">\n\t\t\t\t<div class=\"elementor-element elementor-element-08e6e04 elementor-widget-divider--view-line de_scroll_animation_no elementor-widget elementor-widget-divider\" data-id=\"08e6e04\" data-element_type=\"widget\" data-e-type=\"widget\" data-widget_type=\"divider.default\">\n\t\t\t\t<div class=\"elementor-widget-container\">\n\t\t\t\t\t\t\t<div class=\"elementor-divider\">\n\t\t\t<span class=\"elementor-divider-separator\">\n\t\t\t\t\t\t<\/span>\n\t\t<\/div>\n\t\t\t\t\t\t<\/div>\n\t\t\t\t<\/div>\n\t\t\t\t\t<\/div>\n\t\t\t\t<\/div>\n\t\t<div class=\"elementor-element elementor-element-83caf2f e-flex e-con-boxed e-con e-parent\" data-id=\"83caf2f\" data-element_type=\"container\" data-e-type=\"container\">\n\t\t\t\t\t<div class=\"e-con-inner\">\n\t\t\t\t<div class=\"elementor-element elementor-element-89ed41b de_scroll_animation_no elementor-widget elementor-widget-text-editor\" data-id=\"89ed41b\" data-element_type=\"widget\" data-e-type=\"widget\" data-widget_type=\"text-editor.default\">\n\t\t\t\t<div class=\"elementor-widget-container\">\n\t\t\t\t\t\t\t\t\t<h3>Rechtliche Hinweise\/Impressum<\/h3>\n<p style=\"margin: 0px; color: black;\"><strong>Bumblebee Folks GmbH<\/strong><\/p>\n<p style=\"margin: 0px;\">Gerda-Kr\u00fcger-Nieland-Stra\u00dfe 61<\/p>\n<p style=\"margin-top: 0px; margin-bottom: 0px;\">76149 Karlsruhe,\nDeutschland<\/p>\n<p style=\"margin-top: 10px; margin-bottom: 0px; color: black;\"><strong>Gesch\u00e4ftsf\u00fchrer: Dr. Kai-Uwe Fratzky<\/strong><\/p>\n<p style=\"margin-top: 0px; margin-bottom: 0px;\">Email:<a href=\"mailto:kai-uwe@bumblebeefolks.com\"> kai-uwe@bumblebeefolks.com <\/a> <\/p>\n<p style=\"margin-top: 0px; margin-bottom: 0px;\">Website: <a href=\"http:\/\/www.bumblebeefolks.com\/\" target=\"_blank\" rel=\"noopener\">bumblebeefolks.com <\/a> <\/p>\n<p style=\"margin-top: 0px; margin-bottom: 0px;\">Berufs- bzw. T\u00e4tigkeitsbezeichnung: Personalvermittlung<\/p>\n<p style=\"margin-top: 0px; margin-bottom: 0px;\">Registergericht: Amtsgericht Mannheim<\/p>\nRegisternummer: HRB 752009\n<p style=\"margin-top: 30px; margin-bottom: 0px; color: black;\"><strong>Datenschutzbeauftragter: Dr. Dominik G\u00fcneri, LL.M.<\/strong><\/p>\n<p style=\"margin: 0px;\">Rechtsanwalt\/Fachanwalt f\u00fcr Informationstechnologierecht (IT-Recht)<\/p>\n<p style=\"margin: 0px;\">PhD \u2013 Politikwissenschaften &amp; Master of Laws \u2013 Europ\u00e4isches und Internationales Wirtschaftsrecht<\/p>\n<p style=\"margin: 0px;\">Datenschutzbeauftragter | Datenschutzauditor<\/p>\n<p style=\"margin-top: 0px; margin-bottom: 0px;\">Gotenstra\u00dfe 2<\/p>\n<p style=\"margin: 0px;\">75177 Pforzheim, Deutschland<\/p>\n<p style=\"margin-top: 0px; margin-bottom: 0px;\"><a href=\"+49%207231%2042%2064%20333\">Ph : +49 7231 42 64 333<\/a><\/p>\n<p style=\"margin-top: 0px; margin-bottom: 0px;\"><a href=\"+49%207231%2058%2094%20811\">Fax : +49 7231 58 94 811<\/a><\/p>\n<p style=\"margin-top: 0px; margin-bottom: 0px;\">Website: <a href=\"https:\/\/advizzr.net\/\" target=\"_blank\" rel=\"noopener\">www.advizzr.net<\/a><\/p>\n<p style=\"margin-top: 0px; margin-bottom: 0px;\">HRB 741261, Amtsgericht Mannheim Deutschland<\/p>\n<p style=\"margin: 0px;\">Gesch\u00e4ftsf\u00fchrer: Juliette Descharmes und Dr. Dominik G\u00fcneri<\/p>\n\n<h3 style=\"margin-top: 30px;\">MITGLIEDSCHAFTEN<\/h3>\n<h4>KAMMER<\/h4>\n<p style=\"margin: 0px;\">Industrie- und Handelskammer Karlsruhe<\/p>\n<p style=\"margin: 0px;\">Lammstra\u00dfe 13 &#8211; 17<\/p>\n<p style=\"margin: 0px;\">76133 Karlsruhe,\nDeutschland<\/p>\n<p style=\"margin: 0px;\">Website:<a href=\"https:\/\/www.ihk.de\/karlsruhe\/\" target=\"_blank\" rel=\"noopener\">www.ihk.de\/karlsruhe\/<\/a><\/p>\n\n<h3 style=\"margin-top: 30px;\">Streitbeilegung<\/h3>\n<ul>\n \t<li style=\"margin-top: 10px;\">Die Europ\u00e4ische Kommission stellt eine Plattform zur au\u00dfergerichtlichen Online-Streitbeilegung (OS-Plattform) zur Verf\u00fcgung, die Sie unter <a href=\"https:\/\/ec.europa.eu\/consumers\/odr\" target=\"_blank\" rel=\"noopener\">https:\/\/ec.europa.eu\/consumers\/odr erreichen .<\/a> Unsere E-Mail-Adresse finden Sie in unserem Impressum. Wir sind weder verpflichtet noch bereit, an dem Streitbeilegungsverfahren teilzunehmen.  <\/li>\n \t<li style=\"margin-top: 10px;\">Informationen zur alternativen Streitbeilegung gem\u00e4\u00df \u00a7 36 Verbraucherstreitbeilegungsgesetz &#8211; VSBG (verf\u00fcgbar unter <a href=\"https:\/\/www.gesetze-im-internet.de\/vsbg\/\" target=\"_blank\" rel=\"noopener\">https:\/\/www.gesetze-im-internet.de\/vsbg\/)<\/a>: Der Unternehmer, der diese Website betreibt, ist weder bereit noch verpflichtet, an einem Streitbeilegungsverfahren vor einer Verbraucherschlichtungsstelle teilzunehmen.<\/li>\n<\/ul>\n<h3 style=\"margin-top: 30px;\">Inhaltlich Verantwortlicher gem\u00e4\u00df \u00a7 18 Abs. 2 MSTV <\/h3>\n<p style=\"margin: 0px;\">Dr. Kai-Uwe Fratzky<\/p>\n<p style=\"margin: 0px;\">c\/o Bumblebee Folks GmbH<\/p>\n\n<h3 style=\"margin-top: 30px; margin-bottom: 0px;\">HAFTUNGSAUSSCHLUSS<\/h3>\n<h4 style=\"margin-top: 30px;\">HAFTUNG<\/h4>\nWir sind f\u00fcr die Inhalte unserer Internetseiten nach den allgemeinen Gesetzen, insbesondere nach \u00a7 7 Abs. 1 Telemediengesetz, verantwortlich. Alle Inhalte werden mit Sorgfalt und nach bestem Gewissen erstellt. Soweit wir auf unseren Webseiten mittels Hyperlink auf Webseiten Dritter verweisen, k\u00f6nnen wir keine Gew\u00e4hr f\u00fcr die fortlaufende Aktualit\u00e4t, Richtigkeit und Vollst\u00e4ndigkeit der verlinkten Inhalte \u00fcbernehmen, da diese Inhalte au\u00dferhalb unseres Verantwortungsbereichs liegen und wir auf die zuk\u00fcnftige Gestaltung keinen Einfluss haben. Sollten Sie Inhalte f\u00fcr rechtswidrig oder unangemessen halten, bitten wir um einen Hinweis.    \n\nDie rechtlichen Hinweise auf dieser Seite sowie alle Fragen und Streitigkeiten im Zusammenhang mit der Gestaltung dieser Website unterliegen dem Recht der Bundesrepublik Deutschland.\n<h4 style=\"margin-top: 30px;\">DATENSCHUTZ<\/h4>\nUnsere Datenschutzbestimmungen finden Sie unter <a href=\"https:\/\/bumblebeefolks.com\/de\/datenschutzrichtlinie\/\" target=\"_blank\" rel=\"noopener\">www.bumblebeefolks.com\/privacy-policy.<\/a>\n<h4 style=\"margin-top: 30px;\">URHEBERRECHTSHINWEIS<\/h4>\nDie auf unserer Website verf\u00fcgbaren Texte, Bilder, Fotos, Videos oder Grafiken unterliegen in der Regel dem Urheberrecht. Jede unberechtigte Verwendung (insbesondere die Vervielf\u00e4ltigung, Bearbeitung oder Verbreitung) dieser urheberrechtlich gesch\u00fctzten Inhalte ist daher untersagt. Sollten Sie beabsichtigen, diese Inhalte oder Teile davon zu verwenden, kontaktieren Sie uns bitte vorab unter den oben angegebenen Kontaktdaten. Sofern wir nicht selbst Inhaber der erforderlichen urheberrechtlichen Verwertungsrechte sind, werden wir versuchen, Kontakt zum Berechtigten herzustellen.   \t\t\t\t\t\t\t\t<\/div>\n\t\t\t\t<\/div>\n\t\t\t\t\t<\/div>\n\t\t\t\t<\/div>\n\t\t\t\t<\/div>\n\t\t","protected":false},"excerpt":{"rendered":"<p>Rechtliche Hinweise Rechtliche Hinweise\/Impressum Bumblebee Folks GmbH Gerda-Kr\u00fcger-Nieland-Stra\u00dfe 61 76149 Karlsruhe, Deutschland Gesch\u00e4ftsf\u00fchrer: Dr. Kai-Uwe Fratzky Email: kai-uwe@bumblebeefolks.com Website: bumblebeefolks.com Berufs- bzw. T\u00e4tigkeitsbezeichnung: Personalvermittlung Registergericht: Amtsgericht Mannheim Registernummer: HRB 752009 Datenschutzbeauftragter: Dr. Dominik G\u00fcneri, LL.M. Rechtsanwalt\/Fachanwalt f\u00fcr Informationstechnologierecht (IT-Recht) PhD \u2013 Politikwissenschaften &amp; Master of Laws \u2013 Europ\u00e4isches und Internationales Wirtschaftsrecht Datenschutzbeauftragter | Datenschutzauditor Gotenstra\u00dfe [&hellip;]<\/p>\n","protected":false},"author":1,"featured_media":0,"parent":0,"menu_order":0,"comment_status":"closed","ping_status":"closed","template":"","meta":{"footnotes":""},"class_list":["post-2761","page","type-page","status-publish","hentry"],"_links":{"self":[{"href":"https:\/\/bumblebeefolks.com\/de\/wp-json\/wp\/v2\/pages\/2761","targetHints":{"allow":["GET"]}}],"collection":[{"href":"https:\/\/bumblebeefolks.com\/de\/wp-json\/wp\/v2\/pages"}],"about":[{"href":"https:\/\/bumblebeefolks.com\/de\/wp-json\/wp\/v2\/types\/page"}],"author":[{"embeddable":true,"href":"https:\/\/bumblebeefolks.com\/de\/wp-json\/wp\/v2\/users\/1"}],"replies":[{"embeddable":true,"href":"https:\/\/bumblebeefolks.com\/de\/wp-json\/wp\/v2\/comments?post=2761"}],"version-history":[{"count":6,"href":"https:\/\/bumblebeefolks.com\/de\/wp-json\/wp\/v2\/pages\/2761\/revisions"}],"predecessor-version":[{"id":3083,"href":"https:\/\/bumblebeefolks.com\/de\/wp-json\/wp\/v2\/pages\/2761\/revisions\/3083"}],"wp:attachment":[{"href":"https:\/\/bumblebeefolks.com\/de\/wp-json\/wp\/v2\/media?parent=2761"}],"curies":[{"name":"wp","href":"https:\/\/api.w.org\/{rel}","templated":true}]}}