{"id":2771,"date":"2024-08-28T12:42:54","date_gmt":"2024-08-28T12:42:54","guid":{"rendered":"https:\/\/bumblebeefolks.com\/datenschutzrichtlinie\/"},"modified":"2025-06-06T07:14:31","modified_gmt":"2025-06-06T07:14:31","slug":"datenschutzrichtlinie","status":"publish","type":"page","link":"https:\/\/bumblebeefolks.com\/de\/datenschutzrichtlinie\/","title":{"rendered":"Datenschutzrichtlinie"},"content":{"rendered":"\t\t<div data-elementor-type=\"wp-page\" data-elementor-id=\"2771\" class=\"elementor elementor-2771 elementor-3\">\n\t\t\t\t<div class=\"elementor-element elementor-element-e8131b5 e-flex e-con-boxed e-con e-parent\" data-id=\"e8131b5\" data-element_type=\"container\" data-e-type=\"container\">\n\t\t\t\t\t<div class=\"e-con-inner\">\n\t\t\t\t\t<\/div>\n\t\t\t\t<\/div>\n\t\t<div class=\"elementor-element elementor-element-762402d e-flex e-con-boxed e-con e-parent\" data-id=\"762402d\" data-element_type=\"container\" data-e-type=\"container\">\n\t\t\t\t\t<div class=\"e-con-inner\">\n\t\t\t\t<div class=\"elementor-element elementor-element-a487a9e de_scroll_animation_no elementor-invisible elementor-widget elementor-widget-heading\" data-id=\"a487a9e\" data-element_type=\"widget\" data-e-type=\"widget\" data-settings=\"{&quot;_animation&quot;:&quot;fadeInUp&quot;}\" data-widget_type=\"heading.default\">\n\t\t\t\t<div class=\"elementor-widget-container\">\n\t\t\t\t\t<h2 class=\"elementor-heading-title elementor-size-default\"> Datenschutzrichtlinie<\/h2>\t\t\t\t<\/div>\n\t\t\t\t<\/div>\n\t\t\t\t\t<\/div>\n\t\t\t\t<\/div>\n\t\t<div class=\"elementor-element elementor-element-3d71631 e-flex e-con-boxed e-con e-parent\" data-id=\"3d71631\" data-element_type=\"container\" data-e-type=\"container\">\n\t\t\t\t\t<div class=\"e-con-inner\">\n\t\t\t\t<div class=\"elementor-element elementor-element-0292d24 elementor-widget-divider--view-line de_scroll_animation_no elementor-widget elementor-widget-divider\" data-id=\"0292d24\" data-element_type=\"widget\" data-e-type=\"widget\" data-widget_type=\"divider.default\">\n\t\t\t\t<div class=\"elementor-widget-container\">\n\t\t\t\t\t\t\t<div class=\"elementor-divider\">\n\t\t\t<span class=\"elementor-divider-separator\">\n\t\t\t\t\t\t<\/span>\n\t\t<\/div>\n\t\t\t\t\t\t<\/div>\n\t\t\t\t<\/div>\n\t\t\t\t\t<\/div>\n\t\t\t\t<\/div>\n\t\t<div class=\"elementor-element elementor-element-388b49f3 e-flex e-con-boxed e-con e-parent\" data-id=\"388b49f3\" data-element_type=\"container\" data-e-type=\"container\">\n\t\t\t\t\t<div class=\"e-con-inner\">\n\t\t\t\t<div class=\"elementor-element elementor-element-580bffc9 de_scroll_animation_no elementor-widget elementor-widget-text-editor\" data-id=\"580bffc9\" data-element_type=\"widget\" data-e-type=\"widget\" data-widget_type=\"text-editor.default\">\n\t\t\t\t<div class=\"elementor-widget-container\">\n\t\t\t\t\t\t\t\t\t\n<h3 class=\"wp-block-heading\">Datenschutzrichtlinie F\u00dcR DIE NUTZUNG UNSERER WEBSEITEN<\/h3>\n\n\n\n<h4 class=\"wp-block-heading\">INFORMATIONEN \u00dcBER DIE ERHEBUNG PERSONENBEZOGENER DATEN<\/h4>\n\n\n\n<p>(1) Im Folgenden informieren wir Sie \u00fcber die Erhebung von personenbezogenen Daten bei der Nutzung unserer Website. Personenbezogene Daten sind alle Daten, die auf Sie pers\u00f6nlich beziehbar sind, wie z.B. Ihr Name, Ihre Adresse, Ihre E-Mail-Adressen, Ihr Nutzerverhalten. Diese Informationen dienen dazu, Sie \u00fcber unsere Verarbeitungsaktivit\u00e4ten zu informieren und den gesetzlichen Verpflichtungen nachzukommen, insbesondere denen, die sich aus der EU-Datenschutzgrundverordnung (GDPR) ergeben.  <\/p>\n\n\n\n<p>(2) Der f\u00fcr die Verarbeitung Verantwortliche im Sinne von Art. 4 Abs. 7 der EU-Datenschutzgrundverordnung (DSGVO) ist die Bumblebee Folks GmbH, Gerda-Krueger-Nieland-Strasse 61, 76149 Karlsruhe, Email: <a href=\"info@bumblebeefolks.com.\" target=\"_blank\"><strong>info@bumblebeefolks.com <\/strong><\/a>Unseren Datenschutzbeauftragten erreichen Sie unter dominik.gueneri@advizzr.net oder per Post unter unserer Postadresse mit dem Zusatz \u201eDatenschutzbeauftragter\u201c. <\/p>\n<p>\n\n<\/p>\n<p>(3) Wenn Sie per E-Mail oder \u00fcber ein Kontaktformular Kontakt mit uns aufnehmen, werden die von Ihnen mitgeteilten Daten (Ihre E-Mail-Adresse und ggf. Ihr Name und Ihre Telefonnummer) von uns gespeichert, um Ihre Fragen zu beantworten. Wir l\u00f6schen die in diesem Zusammenhang erhobenen Daten, sobald sie nicht mehr ben\u00f6tigt werden, oder wir schr\u00e4nken die Verarbeitung ein, wenn gesetzliche Aufbewahrungspflichten bestehen. Wenn die Anfrage mit einem Vertrag verbunden ist, werden die Daten gem\u00e4\u00df den vertraglichen Aufbewahrungsfristen gel\u00f6scht.  <\/p>\n<p>\n\n<\/p>\n<p>(4) Wenn wir uns f\u00fcr einzelne Funktionen unseres Angebots auf beauftragte Dienstleister verlassen oder wenn wir beabsichtigen, Ihre Daten zu Werbezwecken zu nutzen, werden wir diese Dienstleister stets sorgf\u00e4ltig ausw\u00e4hlen und \u00fcberwachen und Sie im Folgenden \u00fcber die jeweiligen Vorg\u00e4nge ausf\u00fchrlich informieren. Dabei werden wir auch die Kriterien f\u00fcr die Speicherdauer angeben. <\/p>\n<p> <strong><\/strong><\/p>\n<h4 style=\"margin-top: 30px;\">IHRE RECHTE<\/h4>\n<p>(1) Sie haben uns gegen\u00fcber die folgenden Rechte in Bezug auf Ihre pers\u00f6nlichen Daten:<\/p>\n<ul>\n<li style=\"font-size: 16px;\">Recht auf Information,<\/li>\n<li style=\"font-size: 16px;\">Recht auf Berichtigung oder L\u00f6schung,<\/li>\n<li style=\"font-size: 16px;\">Recht auf Einschr\u00e4nkung der Verarbeitung,<\/li>\n<li style=\"font-size: 16px;\">Recht auf Widerspruch gegen die Verarbeitung,<\/li>\n<li style=\"font-size: 16px;\">Recht auf Daten\u00fcbertragbarkeit.<\/li>\n<\/ul>\n<p style=\"margin-top: 15px;\">(2) Sie haben au\u00dferdem das Recht, bei einer Datenschutzaufsichtsbeh\u00f6rde eine Beschwerde \u00fcber unsere Verarbeitung Ihrer personenbezogenen Daten einzureichen.<\/p>\n<h4 style=\"margin-top: 30px;\">ERFASSUNG VON PERS\u00d6NLICHEN DATEN BEIM BESUCH UNSERER WEBSITE<\/h4>\n<p>(1) Wenn Sie die Website nur zu Informationszwecken nutzen, d.h. wenn Sie uns keine anderen Informationen zur Verf\u00fcgung stellen, erheben wir nur die personenbezogenen Daten, die Ihr Browser an unseren Server \u00fcbermittelt. Wenn Sie unsere Website aufrufen m\u00f6chten, erheben wir die folgenden Daten, die technisch notwendig sind, damit wir Ihnen unsere Website anzeigen k\u00f6nnen und um die Stabilit\u00e4t und Sicherheit zu gew\u00e4hrleisten (Rechtsgrundlage ist Art. 6 Abs. 1 S. 1 lit. f GDPR): <\/p>\n<ul>\n<li style=\"font-size: 16px;\">IP-Adresse<\/li>\n<li style=\"font-size: 16px;\">Datum und Uhrzeit der Anfrage<\/li>\n<li style=\"font-size: 16px;\">Zeitzonenunterschied zur Greenwich Mean Time (GMT)<\/li>\n<li style=\"font-size: 16px;\">Inhalt der Anfrage (bestimmte Seite)<\/li>\n<li style=\"font-size: 16px;\">Zugriffsstatus\/HTTP-Statuscode<\/li>\n<li style=\"font-size: 16px;\">Menge der \u00fcbertragenen Daten<\/li>\n<li style=\"font-size: 16px;\">Website, von der die Anfrage ausgeht<\/li>\n<li style=\"font-size: 16px;\">Browser<\/li>\n<li style=\"font-size: 16px;\">Betriebssystem und seine Schnittstelle<\/li>\n<li style=\"font-size: 16px;\">Sprache und Version der Browser-Software.<\/li>\n<\/ul>\n<p>(2) Zus\u00e4tzlich zu den oben genannten Daten k\u00f6nnen Cookies auf Ihrem Computer gespeichert werden, wenn Sie unsere Website nutzen, entweder jetzt oder in Zukunft. Cookies sind kleine Textdateien, die auf Ihrer Festplatte gespeichert und dem von Ihnen verwendeten Browser zugewiesen werden und \u00fcber die bestimmte Informationen an die Instanz flie\u00dfen, die den Cookie setzt (in diesem Fall wir). Cookies k\u00f6nnen keine Programme ausf\u00fchren oder Viren auf Ihren Computer \u00fcbertragen. Sie dienen dazu, das Internetangebot insgesamt nutzerfreundlicher und effektiver zu machen (Rechtsgrundlage ist Art. 6 Abs. 1 S. 1 lit. a GDPR). Sie k\u00f6nnen Cookies jederzeit \u00fcber die Einstellungen in Ihrem Browser l\u00f6schen oder blockieren.    <\/p>\n<p>(3) Im Allgemeinen verwenden wir die oben beschriebenen Techniken ausschlie\u00dflich, um die Benutzerfreundlichkeit und Funktionalit\u00e4t unserer Websites zu verbessern. Wir setzen diese Techniken in unserem berechtigten Interesse ein, um Ihnen ein attraktives, voll funktionsf\u00e4higes Angebot auf der Grundlage von Artikel 6 Abs. 1 lit. 1 lit. f GDPR. Wenn f\u00fcr die Verwendung von Cookies eine dar\u00fcber hinausgehende Zustimmung erforderlich ist, werden wir Sie zu gegebener Zeit um Ihre Zustimmung bitten. Wenn Cookies auf der Grundlage Ihrer Einwilligung verwendet werden, ist die Rechtsgrundlage Art. 6 Abs. 1 S. 1 lit. a GDPR. Wenn Sie die Verwendung der oben beschriebenen Techniken nicht w\u00fcnschen, k\u00f6nnen Sie dies in den Einstellungen Ihres Browsers anpassen. Dort finden Sie auch eine Liste der verwendeten Cookies, wenn diese tats\u00e4chlich eingesetzt werden.         <\/p>\n<p>(4) Besondere Erkl\u00e4rung zu Cookies:<\/p>\n<p>a)Diese Website kann die folgenden Arten von Cookies verwenden, deren Umfang und Funktionalit\u00e4t im Folgenden erl\u00e4utert werden:<\/p>\n<ul>\n<li style=\"font-size: 16px;\">Vor\u00fcbergehende Cookies (siehe b)<\/li>\n<li style=\"font-size: 16px;\">Dauerhafte Cookies (siehe c)<\/li>\n<\/ul>\n<p>b) Transiente Cookies werden automatisch gel\u00f6scht, wenn Sie den Browser schlie\u00dfen. Dazu geh\u00f6ren insbesondere Session-Cookies. Sie speichern eine sogenannte Session-ID, mit der verschiedene Anfragen Ihres Browsers der gemeinsamen Sitzung zugeordnet werden k\u00f6nnen. So kann Ihr Computer wiedererkannt werden, wenn Sie auf unsere Website zur\u00fcckkehren. Sitzungscookies werden gel\u00f6scht, wenn Sie sich abmelden oder den Browser schlie\u00dfen.    <\/p>\n<p>c) Dauerhafte Cookies werden automatisch nach einem bestimmten Zeitraum gel\u00f6scht, der je nach Cookie variieren kann. Sie k\u00f6nnen Cookies jederzeit in den Sicherheitseinstellungen Ihres Browsers l\u00f6schen. <\/p>\n<p>d) Sie k\u00f6nnen die Einstellungen Ihres Browsers nach Ihren W\u00fcnschen konfigurieren und beispielsweise die Annahme von Cookies von Dritten oder aller Cookies verweigern. Wir weisen Sie jedoch darauf hin, dass Sie dann m\u00f6glicherweise nicht alle Funktionen dieser Website nutzen k\u00f6nnen. <\/p>\n<h4 style=\"margin-top: 30px;\">ZUS\u00c4TZLICHE FUNKTIONEN UND ANGEBOTE AUF UNSERER WEBSITE<\/h4>\n<p>(1) Neben der rein informatorischen Nutzung unserer Website k\u00f6nnen wir verschiedene Dienste anbieten, die Sie bei Interesse nutzen k\u00f6nnen. Dazu m\u00fcssen Sie in der Regel zus\u00e4tzliche personenbezogene Daten angeben, die wir zur Erbringung des jeweiligen Dienstes verwenden und f\u00fcr die die zuvor genannten Grunds\u00e4tze der Datenverarbeitung gelten. <\/p>\n<p>(2) In einigen F\u00e4llen nutzen wir externe Dienstleister, um Ihre Daten zu verarbeiten. Diese Dienstleister werden von uns sorgf\u00e4ltig ausgew\u00e4hlt und beauftragt, sind an unsere Weisungen gebunden und werden regelm\u00e4\u00dfig kontrolliert. <\/p>\n<p>(3) Wir k\u00f6nnen Ihre personenbezogenen Daten auch an Dritte weitergeben, wenn die Teilnahme an Aktionen, Gewinnspielen, Vertragsabschl\u00fcssen oder \u00e4hnlichen Dienstleistungen von uns gemeinsam mit Partnern angeboten wird. N\u00e4here Informationen hierzu erhalten Sie bei der Angabe Ihrer pers\u00f6nlichen Daten oder unten in der Beschreibung des Angebots. <\/p>\n<p>(4) Wenn unsere Dienstleister oder Partner ihren Sitz in einem Staat au\u00dferhalb des Europ\u00e4ischen Wirtschaftsraums (EWR) haben, werden wir Sie in der Beschreibung des Angebots auf die Folgen dieses Umstands hinweisen.<\/p>\n<h4 style=\"margin-top: 30px;\">EINSPRUCH ODER WIDERRUF DER ZUSTIMMUNG ZUR VERARBEITUNG IHRER DATEN<\/h4>\n<p>(1) Wenn Sie Ihre Einwilligung zur Verarbeitung Ihrer Daten gegeben haben, k\u00f6nnen Sie diese jederzeit widerrufen. Ein solcher Widerruf wirkt sich auf die Zul\u00e4ssigkeit der Verarbeitung Ihrer personenbezogenen Daten aus, nachdem Sie sie uns gegen\u00fcber ge\u00e4u\u00dfert haben. <\/p>\n<p>(2) Wenn wir die Verarbeitung Ihrer personenbezogenen Daten auf eine Interessenabw\u00e4gung st\u00fctzen, k\u00f6nnen Sie der Verarbeitung widersprechen. Dies ist der Fall, wenn die Verarbeitung f\u00fcr die Erf\u00fcllung eines Vertrags mit Ihnen nicht besonders notwendig ist, wie wir in der folgenden Funktionsbeschreibung erl\u00e4utern werden. Wenn Sie einen solchen Widerspruch einlegen, bitten wir Sie, die Gr\u00fcnde darzulegen, warum wir Ihre personenbezogenen Daten nicht so verarbeiten sollten, wie wir es getan haben. Im Falle Ihres berechtigten Widerspruchs werden wir die Situation pr\u00fcfen und entweder die Datenverarbeitung stoppen oder anpassen, oder wir werden Ihnen unsere zwingenden legitimen Gr\u00fcnde darlegen, auf deren Grundlage wir die Verarbeitung fortsetzen.   <\/p>\n<p>(3) Selbstverst\u00e4ndlich k\u00f6nnen Sie der Verarbeitung Ihrer personenbezogenen Daten zu Werbe- und Datenanalysezwecken jederzeit widersprechen. Sie k\u00f6nnen uns Ihren Widerspruch gegen die Werbung unter den folgenden Kontaktdaten mitteilen: Bumblebee Folks GmbH, Gerda-Krueger-Nieland-Stra\u00dfe 61, 76149 Karlsruhe, <strong>E-Mail:<\/strong> <a href=\"info@bumblebeefolks.com\">info@bumblebeefolks.com<\/a> <\/p>\n<h4 style=\"margin-top: 30px;\">DAUER DER SPEICHERUNG VON PERSONENBEZOGENEN DATEN<\/h4>\n<p>Wir speichern personenbezogene Daten in \u00dcbereinstimmung mit den gesetzlichen Aufbewahrungsfristen (z.B. handels- und steuerrechtliche Aufbewahrungsfristen). Die entsprechenden Daten werden dann gel\u00f6scht, es sei denn, sie sind zur Vertragserf\u00fcllung erforderlich und\/oder es besteht kein berechtigtes Interesse an ihrer Speicherung. <\/p>\n<h3 style=\"margin-top: 30px;\">SOZIALE MEDIEN UND DRITTANBIETER<\/h3>\n<h4>SOZIALE MEDIEN<\/h4>\n<p>(1) Wir verwenden derzeit die folgenden Social-Media-Plug-ins und\/oder verlinken auf die folgenden Social-Media-Plattformanbieter: Facebook, Instagram, X (fr\u00fcher Twitter), LinkedIn, TikTok. F\u00fcr Plug-ins verwenden wir die sogenannte Zwei-Klick-L\u00f6sung. Das bedeutet, dass beim Besuch unserer Seite zun\u00e4chst keine pers\u00f6nlichen Daten an die Anbieter der Plug-ins weitergegeben werden. Sie erkennen den Anbieter des Plug-ins an der Kennzeichnung auf der Box mit seinem Anfangsbuchstaben oder Logo. Wir bieten Ihnen die M\u00f6glichkeit, \u00fcber die Schaltfl\u00e4che direkt mit dem Plug-in-Anbieter zu kommunizieren. Nur wenn Sie auf das markierte Feld klicken und es dadurch aktivieren, erh\u00e4lt der Plug-in-Anbieter die Information, dass Sie die entsprechende Website unseres Online-Angebots aufgerufen haben. In diesem Fall werden auch die im Abschnitt \u201eERHEBUNG PERSONENBEZOGENER DATEN BEIM BESUCH UNSERER WEBSEITE (Absatz 1)\u201c genannten Daten \u00fcbermittelt. Bei reinen Links zu Anbietern von Social-Media-Plattformen werden die im Abschnitt \u201eERHEBUNG PERSONENBEZOGENER DATEN BEIM BESUCH UNSERER WEBSEITE (Absatz 1)\u201c genannten Daten erst nach Anklicken des Links an den Anbieter \u00fcbermittelt. Da der Plug-in-Anbieter die Daten in erster Linie \u00fcber Cookies erhebt, empfehlen wir Ihnen, alle Cookies in den Sicherheitseinstellungen Ihres Browsers zu l\u00f6schen, bevor Sie das ausgegraute K\u00e4stchen anklicken.        <\/p>\n<p>(2) Wir haben weder Einfluss auf die erhobenen Daten und die Datenverarbeitungsvorg\u00e4nge, noch sind wir \u00fcber den Umfang der Datenerhebung, die Zwecke der Verarbeitung und die Speicherfristen vollst\u00e4ndig informiert. Wir haben auch keine Informationen \u00fcber die L\u00f6schung der erhobenen Daten durch den jeweiligen Anbieter. <\/p>\n<p>(3) Der Plug-in-Anbieter speichert die \u00fcber Sie erhobenen Daten als Nutzungsprofile und nutzt sie f\u00fcr Zwecke der Werbung, der Marktforschung und\/oder zur bedarfsgerechten Gestaltung seiner Website. Eine solche Auswertung erfolgt insbesondere (auch f\u00fcr nicht eingeloggte Nutzer) zur Darstellung von bedarfsgerechter Werbung und um andere Nutzer des sozialen Netzwerks \u00fcber Ihre Aktivit\u00e4ten auf unserer Website zu informieren. Sie haben das Recht, der Erstellung dieser Nutzerprofile zu widersprechen. Um dieses Recht auszu\u00fcben, m\u00fcssen Sie sich jedoch an den jeweiligen Plug-in-Anbieter wenden. Durch die Plug-ins bieten wir Ihnen die M\u00f6glichkeit, mit sozialen Netzwerken und anderen Nutzern zu interagieren und dadurch unser Angebot zu verbessern und f\u00fcr Sie als Nutzer interessanter zu machen. Die Rechtsgrundlage f\u00fcr die Nutzung von Plug-ins und Social-Media-Plattformen, einschlie\u00dflich der Verlinkung mit diesen, ist Art. 6 Abs.. 1 Satz 1 lit. f GDPR. Wenn auch die Zustimmung zur Verwendung von Cookies erforderlich ist, werden wir Sie an der entsprechenden Stelle um Ihre Zustimmung bitten. Im Falle der Verwendung von Cookies auf der Grundlage Ihrer Einwilligung ist die Rechtsgrundlage Art. 6 Abs. 1 Satz 1 lit. a GDPR.          <\/p>\n<p>(4) Die \u00dcbertragung von Daten bei der Nutzung von Social-Media-Plug-ins erfolgt unabh\u00e4ngig davon, ob Sie ein Konto bei dem Plug-in-Anbieter haben und dort eingeloggt sind. Wenn Sie bei dem Plug-in-Anbieter eingeloggt sind, werden die von uns erhobenen Daten direkt Ihrem Konto bei dem Plug-in-Anbieter zugeordnet. Wenn Sie die aktivierte Schaltfl\u00e4che bet\u00e4tigen, um z.B. die Seite zu verlinken, speichert der Plug-in-Anbieter diese Informationen ebenfalls in Ihrem Benutzerkonto und teilt sie \u00f6ffentlich mit Ihren Kontakten. Wir empfehlen, sich regelm\u00e4\u00dfig nach der Nutzung eines sozialen Netzwerks abzumelden, insbesondere vor der Aktivierung der Schaltfl\u00e4che, da dies die Zuordnung zu Ihrem Profil beim Plug-in-Anbieter verhindert.   <\/p>\n<p>(5) Weitere Informationen zu Zweck und Umfang der Datenerhebung und ihrer Verarbeitung durch den Anbieter finden Sie in den unten aufgef\u00fchrten Datenschutzerkl\u00e4rungen dieser Anbieter. Dort finden Sie auch weitere Informationen \u00fcber Ihre Rechte und Einstellungsm\u00f6glichkeiten zum Schutz Ihrer Privatsph\u00e4re. <\/p>\n<p>(6) Zus\u00e4tzliche Informationen zu den jeweiligen Plug-in-Anbietern und URL-Links zu deren Datenschutzrichtlinien:<\/p>\n<p>Nach Angaben von Facebook werden IP-Adressen unmittelbar nach der Erhebung in Deutschland anonymisiert. Wir k\u00f6nnen nicht ausschlie\u00dfen, dass personenbezogene Daten von Ihnen an den jeweiligen Anbieter (im Falle von US-Anbietern in den USA) \u00fcbermittelt und dort gespeichert werden. Weitere Informationen zu Zweck und Umfang der Datenerhebung und ihrer Verarbeitung durch den Anbieter finden Sie hier: Meta Platforms Ireland Limited, 4 Grand Canal Square, Dublin 2, Irland, <a href=\"https:\/\/www.facebook.com\/terms?%20target=\" _blank=\"\" ref=\"pf\"\">https:\/\/www.facebook.com\/terms?ref=pf<\/a> und <a href=\"http:\/\/www.facebook.com\/policy.php\" target=\"_blank\">http:\/\/www.facebook.com\/policy.php.<\/a> Meta Platforms, Inc. hat sich dem EU-US Data Privacy Framework verpflichtet, <a href=\"https:\/\/www.dataprivacyframework.gov\/list\" target=\"_blank\">https:\/\/www.dataprivacyframework.gov\/list.<\/a> Dar\u00fcber hinaus wird standardm\u00e4\u00dfig das META DATA TRANSFER ADDENDUM FOR THE TRANSFER OF EUROPEAN DATA<a href=\"https:\/\/www.facebook.com\/legal\/EU_data_transfer_addenDum\" target=\"_blank\">(https:\/\/www.facebook.com\/legal\/EU_data_transf er_addenDum<\/a>) mit dem Anbieter abgeschlossen.    <\/p>\n<p>Nach Angaben von Instagram werden IP-Adressen sofort nach der Erhebung in Deutschland anonymisiert. Wir k\u00f6nnen nicht ausschlie\u00dfen, dass personenbezogene Daten von Ihnen an den jeweiligen Anbieter (im Falle von US-Anbietern in den USA) \u00fcbermittelt und dort gespeichert werden. Weitere Informationen zu Zweck und Umfang der Datenerhebung und ihrer Verarbeitung durch den Anbieter finden Sie hier: Meta Platforms Ireland Limited, 4 Grand Canal Square, Dublin 2, Irland, <a href=\"https:\/\/help.instagram.com\/155833707900388\" target=\"_blank\">https:\/\/help.instagram.com\/155833707900388,<\/a> <a href=\"https:\/\/www.facebook.com\/terms?ref=pf\">https:\/\/www.facebook.com\/terms?ref=pf<\/a> und <a href=\"http:\/\/www.facebook.com\/policy.php\" target=\"_blank\">http:\/\/www.facebook.com\/policy.php.<\/a> Meta Platforms, Inc. hat sich dem EU-US Data Privacy Framework verpflichtet, <a href=\"https:\/\/www.dataprivacyframework.gov\/list%20target=\" _blank=\"\">https:\/\/www.dataprivacyframework.gov\/list.<\/a> Dar\u00fcber hinaus wird standardm\u00e4\u00dfig das META DATA TRANSFER ADDENDUM FOR THE TRANSFER OF EUROPEAN DATA<a href=\"https:\/\/www.facebook.com\/legal\/EU_data_transfer_addenDum\" target=\"_blank\">(https:\/\/www.facebook.com\/legal\/EU_data_transf er_addenDum<\/a>) mit dem Anbieter abgeschlossen.    <\/p>\n<p>Twitter, Inc., 1355 Market St, Suite 900, San Francisco, California 94103, USA; <a href=\"https:\/\/x.com\/privacy\" target=\"_blank\">https:\/\/x.com\/privacy.<\/a> Twitter hat sich dem EU-US-Datenschutzabkommen verpflichtet, <a href=\"https:\/\/www.dataprivacyframework.gov\/list\" target=\"_blank\">https:\/\/www.dataprivacyframework.gov\/list.<\/a> <\/p>\n<p>LinkedIn Corporation, 2029 Stierlin Court, Mountain View, California 94043, USA; <a href=\"http:\/\/www.linkedin.com\/legal\/privacy-policy\" target=\"_blank\">http:\/\/www.linkedin.com\/legal\/privacy-policy.<\/a> LinkedIn hat sich dem EU-US-Datenschutzrahmen verpflichtet, <a href=\"https:\/\/www.dataprivacyframework.gov\/list\" target=\"_blank\">https:\/\/www.dataprivacyframework.gov\/list.<\/a> <\/p>\n<p>TikTok f\u00fcr Nutzer in Deutschland und \u00d6sterreich wird angeboten von TikTok Technology Limited, 10 Earlsfort Terrace, Dublin, D02 T380, Irland. Weitere Informationen zur Datenverarbeitung finden Sie in den Datenschutzhinweisen: <a href=\"https:\/\/www.tiktok.com\/privacy\/learn-about-data\/de\" target=\"_blank\">https:\/\/www.tiktok.com\/privacy\/learn-about-data\/de.<\/a> Das Impressum finden Sie hier: <a href=\"https:\/\/www.tiktok.com\/legal\/page\/global\/impressum\/de\" target=\"_blank\">https:\/\/www.tiktok.com\/legal\/page\/global\/impressum\/de.<\/a>  <\/p>\n<h4 style=\"margin-top: 30px;\">HOSTING<\/h4>\n<p>(1) Unsere Website wird von einem externen Dienstleister (Hosting-Provider) gehostet. Der Hosting-Anbieter stellt die Infrastruktur und die technischen Ressourcen bereit, die f\u00fcr den sicheren und zuverl\u00e4ssigen Betrieb unserer Website erforderlich sind. Im Rahmen der Nutzung unserer Website werden verschiedene personenbezogene Daten auf den Servern des Hosting-Anbieters verarbeitet und gespeichert.  <\/p>\n<p>(2) Die Erhebung und Verarbeitung personenbezogener Daten im Rahmen des Hostings erfolgt in \u00dcbereinstimmung mit der GDPR. Die Rechtsgrundlage f\u00fcr diese Verarbeitung ist Art. 6 Abs. 1 lit. f GDPR, da wir ein berechtigtes Interesse am sicheren und effizienten Betrieb unserer Website haben.   <\/p>\n<p>(3) Zu den im Rahmen des Hostings verarbeiteten Daten geh\u00f6ren die IP-Adresse des zugreifenden Systems, das Datum und die Uhrzeit des Zugriffs, die Zeitzonendifferenz zur Greenwich Mean Time (GMT), der Inhalt der Anfrage (bestimmte Seite), der Zugriffsstatus\/HTTP-Statuscode, die \u00fcbertragene Datenmenge, die Website, von der die Anfrage stammt, der Browser, das Betriebssystem und seine Schnittstelle sowie die Sprache und Version der Browser-Software.<\/p>\n<p>(4) Der Hosting-Anbieter verarbeitet diese Daten ausschlie\u00dflich nach unseren Weisungen und im Rahmen eines Datenverarbeitungsvertrags gem\u00e4\u00df Art. 28 GDPR. Wir haben den Hosting-Anbieter sorgf\u00e4ltig ausgew\u00e4hlt und kontrollieren regelm\u00e4\u00dfig, dass die Verarbeitung der Daten in \u00dcbereinstimmung mit den gesetzlichen Anforderungen erfolgt. <\/p>\n<p>(5) Die Speicherung personenbezogener Daten erfolgt nur so lange, wie es zur Erf\u00fcllung des Zwecks, f\u00fcr den sie erhoben wurden, erforderlich ist oder bis zum Ablauf der gesetzlichen Aufbewahrungsfristen. Nach Erf\u00fcllung des Zwecks oder dem Ablauf der gesetzlichen Aufbewahrungsfristen werden die Daten gel\u00f6scht. <\/p>\t\t\t\t\t\t\t\t<\/div>\n\t\t\t\t<\/div>\n\t\t\t\t\t<\/div>\n\t\t\t\t<\/div>\n\t\t\t\t<\/div>\n\t\t","protected":false},"excerpt":{"rendered":"<p>Datenschutzrichtlinie Datenschutzrichtlinie F\u00dcR DIE NUTZUNG UNSERER WEBSEITEN INFORMATIONEN \u00dcBER DIE ERHEBUNG PERSONENBEZOGENER DATEN (1) Im Folgenden informieren wir Sie \u00fcber die Erhebung von personenbezogenen Daten bei der Nutzung unserer Website. Personenbezogene Daten sind alle Daten, die auf Sie pers\u00f6nlich beziehbar sind, wie z.B. Ihr Name, Ihre Adresse, Ihre E-Mail-Adressen, Ihr Nutzerverhalten. Diese Informationen dienen dazu, [&hellip;]<\/p>\n","protected":false},"author":1,"featured_media":0,"parent":0,"menu_order":0,"comment_status":"closed","ping_status":"open","template":"","meta":{"footnotes":""},"class_list":["post-2771","page","type-page","status-publish","hentry"],"_links":{"self":[{"href":"https:\/\/bumblebeefolks.com\/de\/wp-json\/wp\/v2\/pages\/2771","targetHints":{"allow":["GET"]}}],"collection":[{"href":"https:\/\/bumblebeefolks.com\/de\/wp-json\/wp\/v2\/pages"}],"about":[{"href":"https:\/\/bumblebeefolks.com\/de\/wp-json\/wp\/v2\/types\/page"}],"author":[{"embeddable":true,"href":"https:\/\/bumblebeefolks.com\/de\/wp-json\/wp\/v2\/users\/1"}],"replies":[{"embeddable":true,"href":"https:\/\/bumblebeefolks.com\/de\/wp-json\/wp\/v2\/comments?post=2771"}],"version-history":[{"count":3,"href":"https:\/\/bumblebeefolks.com\/de\/wp-json\/wp\/v2\/pages\/2771\/revisions"}],"predecessor-version":[{"id":2777,"href":"https:\/\/bumblebeefolks.com\/de\/wp-json\/wp\/v2\/pages\/2771\/revisions\/2777"}],"wp:attachment":[{"href":"https:\/\/bumblebeefolks.com\/de\/wp-json\/wp\/v2\/media?parent=2771"}],"curies":[{"name":"wp","href":"https:\/\/api.w.org\/{rel}","templated":true}]}}