{"id":2670,"date":"2024-09-11T09:31:26","date_gmt":"2024-09-11T09:31:26","guid":{"rendered":"https:\/\/bumblebeefolks.com\/aviso-legal-imprimir\/"},"modified":"2025-06-06T09:07:38","modified_gmt":"2025-06-06T09:07:38","slug":"aviso-legal-imprimir","status":"publish","type":"page","link":"https:\/\/bumblebeefolks.com\/es\/aviso-legal-imprimir\/","title":{"rendered":"Aviso Legal\/Imprimir"},"content":{"rendered":"\t\t<div data-elementor-type=\"wp-page\" data-elementor-id=\"2670\" class=\"elementor elementor-2670 elementor-740\">\n\t\t\t\t<div class=\"elementor-element elementor-element-06bbdc6 e-flex e-con-boxed e-con e-parent\" data-id=\"06bbdc6\" data-element_type=\"container\" data-e-type=\"container\">\n\t\t\t\t\t<div class=\"e-con-inner\">\n\t\t\t\t\t<\/div>\n\t\t\t\t<\/div>\n\t\t<div class=\"elementor-element elementor-element-acb0234 e-flex e-con-boxed e-con e-parent\" data-id=\"acb0234\" data-element_type=\"container\" data-e-type=\"container\">\n\t\t\t\t\t<div class=\"e-con-inner\">\n\t\t\t\t<div class=\"elementor-element elementor-element-6b0adb8 de_scroll_animation_no elementor-invisible elementor-widget elementor-widget-heading\" data-id=\"6b0adb8\" data-element_type=\"widget\" data-e-type=\"widget\" data-settings=\"{&quot;_animation&quot;:&quot;fadeInUp&quot;}\" data-widget_type=\"heading.default\">\n\t\t\t\t<div class=\"elementor-widget-container\">\n\t\t\t\t\t<h2 class=\"elementor-heading-title elementor-size-default\">Aviso Legal<\/h2>\t\t\t\t<\/div>\n\t\t\t\t<\/div>\n\t\t\t\t\t<\/div>\n\t\t\t\t<\/div>\n\t\t<div class=\"elementor-element elementor-element-8f3b65c e-flex e-con-boxed e-con e-parent\" data-id=\"8f3b65c\" data-element_type=\"container\" data-e-type=\"container\">\n\t\t\t\t\t<div class=\"e-con-inner\">\n\t\t\t\t<div class=\"elementor-element elementor-element-08e6e04 elementor-widget-divider--view-line de_scroll_animation_no elementor-widget elementor-widget-divider\" data-id=\"08e6e04\" data-element_type=\"widget\" data-e-type=\"widget\" data-widget_type=\"divider.default\">\n\t\t\t\t<div class=\"elementor-widget-container\">\n\t\t\t\t\t\t\t<div class=\"elementor-divider\">\n\t\t\t<span class=\"elementor-divider-separator\">\n\t\t\t\t\t\t<\/span>\n\t\t<\/div>\n\t\t\t\t\t\t<\/div>\n\t\t\t\t<\/div>\n\t\t\t\t\t<\/div>\n\t\t\t\t<\/div>\n\t\t<div class=\"elementor-element elementor-element-83caf2f e-flex e-con-boxed e-con e-parent\" data-id=\"83caf2f\" data-element_type=\"container\" data-e-type=\"container\">\n\t\t\t\t\t<div class=\"e-con-inner\">\n\t\t\t\t<div class=\"elementor-element elementor-element-89ed41b de_scroll_animation_no elementor-widget elementor-widget-text-editor\" data-id=\"89ed41b\" data-element_type=\"widget\" data-e-type=\"widget\" data-widget_type=\"text-editor.default\">\n\t\t\t\t<div class=\"elementor-widget-container\">\n\t\t\t\t\t\t\t\t\t<h3>PROVEEDOR DEL SITIO WEB<\/h3>\n<p style=\"margin: 0px; color: black;\"><strong>Bumblebee Folks GmbH<\/strong><\/p>\n<p style=\"margin: 0px;\">Gerda-Krueger-Nieland-Strasse 61<\/p>\n<p style=\"margin-top: 0px; margin-bottom: 0px;\">76149 Karlsruhe, Alemania<\/p>\n<p style=\"margin-top: 10px; margin-bottom: 0px; color: black;\"><strong>Director Gerente: Dr. Kai-Uwe Fratzky<\/strong><\/p>\n<p style=\"margin-top: 0px; margin-bottom: 0px;\">Correo electr\u00f3nico:<a href=\"mailto:kai-uwe@bumblebeefolks.com\"> kai-uwe@bumblebeefolks.com <\/a> <\/p>\n<p style=\"margin-top: 0px; margin-bottom: 0px;\">P\u00e1gina web: <a href=\"http:\/\/www.bumblebeefolks.com\/\" target=\"_blank\" rel=\"noopener\">bumblebeefolks.com <\/a> <\/p>\n<p style=\"margin-top: 0px; margin-bottom: 0px;\">Designaci\u00f3n profesional o de actividad: Ubicaci\u00f3n del personal<\/p>\n<p style=\"margin-top: 0px; margin-bottom: 0px;\">Tribunal de registro: Tribunal local de Mannheim<\/p>\nN\u00famero de registro: HRB 752009\n<p style=\"margin-top: 30px; margin-bottom: 0px; color: black;\"><strong>Responsable de protecci\u00f3n de datos: Dr. Dominik G\u00fcneri, LL.M.<\/strong><\/p>\n<p style=\"margin: 0px;\">Abogado\/Abogado especialista en Derecho de las Tecnolog\u00edas de la Informaci\u00f3n (IT-Law)<\/p>\n<p style=\"margin: 0px;\">PhD \u2013 Ciencias Pol\u00edticas y M\u00e1ster en Derecho &#8211; Responsable de Protecci\u00f3n de Datos<\/p>\n<p style=\"margin: 0px;\">Comerciales Derecho Europeo e Internacional | Auditor de Protecci\u00f3n de Datos<\/p>\n<p style=\"margin-top: 0px; margin-bottom: 0px;\">Gotenstrasse 2<\/p>\n<p style=\"margin: 0px;\">75177 Pforzheim, Alemania<\/p>\n<p style=\"margin-top: 0px; margin-bottom: 0px;\"><a href=\"+49%207231%2042%2064%20333\">Ph : +49 7231 42 64 333<\/a><\/p>\n<p style=\"margin-top: 0px; margin-bottom: 0px;\"><a href=\"+49%207231%2058%2094%20811\">Fax : +49 7231 58 94 811<\/a><\/p>\n<p style=\"margin-top: 0px; margin-bottom: 0px;\">Website: <a href=\"https:\/\/advizzr.net\/\" target=\"_blank\" rel=\"noopener\">www.advizzr.net<\/a><\/p>\n<p style=\"margin-top: 0px; margin-bottom: 0px;\">HRB 741261, Tribunal local Mannheim Alemania<\/p>\n<p style=\"margin: 0px;\">Directores ejecutivos: Juliette Descharmes y Dr. Dominik G\u00fcneri<\/p>\n\n<h3 style=\"margin-top: 30px;\">AFILIACIONES<\/h3>\n<h4>C\u00c1MARA<\/h4>\n<p style=\"margin: 0px;\">C\u00e1mara de Industria y Comercio Karlsruhe<\/p>\n<p style=\"margin: 0px;\">Lammstrasse 13 &#8211; 17<\/p>\n<p style=\"margin: 0px;\">76133 Karlsruhe, Alemania Sitio<\/p>\n<p style=\"margin: 0px;\">Website:<a href=\"https:\/\/www.ihk.de\/karlsruhe\/\" target=\"_blank\" rel=\"noopener\">www.ihk.de\/karlsruhe\/<\/a><\/p>\n\n<h3 style=\"margin-top: 30px;\">RESOLUCI\u00d3N DE LITIGIOS<\/h3>\n<ul>\n \t<li style=\"margin-top: 10px;\">La Comisi\u00f3n Europea ofrece una plataforma para la resoluci\u00f3n extrajudicial de litigios en l\u00ednea (plataforma OS) a la que puedes acceder en <a href=\"https:\/\/ec.europa.eu\/consumers\/odr\" target=\"_blank\" rel=\"noopener\">https:\/\/ec.europa.eu\/consumers\/odr<\/a>. Encontrar\u00e1s nuestra direcci\u00f3n de correo electr\u00f3nico en nuestro aviso legal. No estamos obligados ni dispuestos a participar en el procedimiento de resoluci\u00f3n de litigios.  <\/li>\n \t<li style=\"margin-top: 10px;\">Informaci\u00f3n sobre resoluci\u00f3n alternativa de conflictos seg\u00fan el art\u00edculo 36 de la Ley de Resoluci\u00f3n de Conflictos de los Consumidores &#8211; VSBG (disponible en <a href=\"https:\/\/www.gesetze-im-internet.de\/vsbg\/\" target=\"_blank\" rel=\"noopener\">https:\/\/www.gesetze-im-internet.de\/vsbg\/)<\/a>: El empresario que gestiona este sitio web no est\u00e1 dispuesto ni obligado a participar en un procedimiento de resoluci\u00f3n de litigios ante una junta de arbitraje de consumo.<\/li>\n<\/ul>\n<h3 style=\"margin-top: 30px;\">RESPONSIBLE DEL CONTENIDO SEG\u00daN EL ART\u00cdCULO 18 SECC. 2 MSTV <\/h3>\n<p style=\"margin: 0px;\">Dr. Kai-Uwe Fratzky<\/p>\n<p style=\"margin: 0px;\">c\/o Bumblebee Folks GmbH<\/p>\n\n<h3 style=\"margin-top: 30px; margin-bottom: 0px;\">DESCARGO DE RESPONSABILIDAD<\/h3>\n<h4 style=\"margin-top: 30px;\">RESPONSABILIDAD<\/h4>\nSomos responsables de los contenidos de nuestras p\u00e1ginas de Internet de acuerdo con las disposiciones de las leyes generales, especialmente de acuerdo con el art\u00edculo 7 Secc. 1 de la Ley de Telemedios. Todos los contenidos se han creado con el debido cuidado y seg\u00fan nuestro leal saber y entender. En la medida en que remitamos a sitios web de terceros a trav\u00e9s de hiperv\u00ednculos en nuestros sitios web, no podemos asumir ninguna responsabilidad por la continua actualizaci\u00f3n, correcci\u00f3n e integridad de los contenidos enlazados, ya que estos contenidos est\u00e1n fuera de nuestro \u00e1mbito de responsabilidad y no tenemos ninguna influencia sobre su futuro dise\u00f1o. Si considera que alg\u00fan contenido infringe la legislaci\u00f3n aplicable o es inapropiado, h\u00e1ganoslo saber.    \n\nLos avisos legales de esta p\u00e1gina y todos los asuntos y litigios relacionados con el dise\u00f1o de este sitio web est\u00e1n sujetos a la legislaci\u00f3n de la Rep\u00fablica Federal de Alemania.\n<h4 style=\"margin-top: 30px;\">PRIVACIDAD<\/h4>\nNuestra pol\u00edtica de privacidad se encuentra en <a href=\"https:\/\/bumblebeefolks.com\/privacy-policy\/\" target=\"_blank\" rel=\"noopener\">www.bumblebeefolks.com\/privacy-policy.<\/a>\n<h4 style=\"margin-top: 30px;\">AVISO DE COPYRIGHT<\/h4>\nLos textos, im\u00e1genes, fotos, videos o gr\u00e1ficos disponibles en nuestro sitio web suelen estar sujetos a la protecci\u00f3n de los derechos de autor. Por lo tanto, queda prohibido cualquier uso no autorizado (especialmente la reproducci\u00f3n, edici\u00f3n o distribuci\u00f3n) de estos contenidos protegidos por derechos de autor. Si tiene intenci\u00f3n de utilizar estos contenidos o parte de ellos, p\u00f3ngase en contacto con nosotros previamente utilizando los datos de contacto facilitados anteriormente. En la medida en que no seamos nosotros mismos los titulares de los derechos de explotaci\u00f3n de los derechos de autor necesarios, intentaremos establecer contacto con la parte autorizada.   \t\t\t\t\t\t\t\t<\/div>\n\t\t\t\t<\/div>\n\t\t\t\t\t<\/div>\n\t\t\t\t<\/div>\n\t\t\t\t<\/div>\n\t\t","protected":false},"excerpt":{"rendered":"<p>Aviso Legal PROVEEDOR DEL SITIO WEB Bumblebee Folks GmbH Gerda-Krueger-Nieland-Strasse 61 76149 Karlsruhe, Alemania Director Gerente: Dr. Kai-Uwe Fratzky Correo electr\u00f3nico: kai-uwe@bumblebeefolks.com P\u00e1gina web: bumblebeefolks.com Designaci\u00f3n profesional o de actividad: Ubicaci\u00f3n del personal Tribunal de registro: Tribunal local de Mannheim N\u00famero de registro: HRB 752009 Responsable de protecci\u00f3n de datos: Dr. Dominik G\u00fcneri, LL.M. Abogado\/Abogado [&hellip;]<\/p>\n","protected":false},"author":1,"featured_media":0,"parent":0,"menu_order":0,"comment_status":"closed","ping_status":"closed","template":"","meta":{"footnotes":""},"class_list":["post-2670","page","type-page","status-publish","hentry"],"_links":{"self":[{"href":"https:\/\/bumblebeefolks.com\/es\/wp-json\/wp\/v2\/pages\/2670","targetHints":{"allow":["GET"]}}],"collection":[{"href":"https:\/\/bumblebeefolks.com\/es\/wp-json\/wp\/v2\/pages"}],"about":[{"href":"https:\/\/bumblebeefolks.com\/es\/wp-json\/wp\/v2\/types\/page"}],"author":[{"embeddable":true,"href":"https:\/\/bumblebeefolks.com\/es\/wp-json\/wp\/v2\/users\/1"}],"replies":[{"embeddable":true,"href":"https:\/\/bumblebeefolks.com\/es\/wp-json\/wp\/v2\/comments?post=2670"}],"version-history":[{"count":3,"href":"https:\/\/bumblebeefolks.com\/es\/wp-json\/wp\/v2\/pages\/2670\/revisions"}],"predecessor-version":[{"id":2800,"href":"https:\/\/bumblebeefolks.com\/es\/wp-json\/wp\/v2\/pages\/2670\/revisions\/2800"}],"wp:attachment":[{"href":"https:\/\/bumblebeefolks.com\/es\/wp-json\/wp\/v2\/media?parent=2670"}],"curies":[{"name":"wp","href":"https:\/\/api.w.org\/{rel}","templated":true}]}}