{"id":2803,"date":"2024-08-28T12:42:54","date_gmt":"2024-08-28T12:42:54","guid":{"rendered":"https:\/\/bumblebeefolks.com\/politica-de-privacidad\/"},"modified":"2025-06-06T09:32:03","modified_gmt":"2025-06-06T09:32:03","slug":"politica-de-privacidad","status":"publish","type":"page","link":"https:\/\/bumblebeefolks.com\/es\/politica-de-privacidad\/","title":{"rendered":"Pol\u00edtica de privacidad"},"content":{"rendered":"\t\t<div data-elementor-type=\"wp-page\" data-elementor-id=\"2803\" class=\"elementor elementor-2803 elementor-3\">\n\t\t\t\t<div class=\"elementor-element elementor-element-e8131b5 e-flex e-con-boxed e-con e-parent\" data-id=\"e8131b5\" data-element_type=\"container\" data-e-type=\"container\">\n\t\t\t\t\t<div class=\"e-con-inner\">\n\t\t\t\t\t<\/div>\n\t\t\t\t<\/div>\n\t\t<div class=\"elementor-element elementor-element-762402d e-flex e-con-boxed e-con e-parent\" data-id=\"762402d\" data-element_type=\"container\" data-e-type=\"container\">\n\t\t\t\t\t<div class=\"e-con-inner\">\n\t\t\t\t<div class=\"elementor-element elementor-element-a487a9e de_scroll_animation_no elementor-invisible elementor-widget elementor-widget-heading\" data-id=\"a487a9e\" data-element_type=\"widget\" data-e-type=\"widget\" data-settings=\"{&quot;_animation&quot;:&quot;fadeInUp&quot;}\" data-widget_type=\"heading.default\">\n\t\t\t\t<div class=\"elementor-widget-container\">\n\t\t\t\t\t<h2 class=\"elementor-heading-title elementor-size-default\">  Pol\u00edtica de privacidad<\/h2>\t\t\t\t<\/div>\n\t\t\t\t<\/div>\n\t\t\t\t\t<\/div>\n\t\t\t\t<\/div>\n\t\t<div class=\"elementor-element elementor-element-3d71631 e-flex e-con-boxed e-con e-parent\" data-id=\"3d71631\" data-element_type=\"container\" data-e-type=\"container\">\n\t\t\t\t\t<div class=\"e-con-inner\">\n\t\t\t\t<div class=\"elementor-element elementor-element-0292d24 elementor-widget-divider--view-line de_scroll_animation_no elementor-widget elementor-widget-divider\" data-id=\"0292d24\" data-element_type=\"widget\" data-e-type=\"widget\" data-widget_type=\"divider.default\">\n\t\t\t\t<div class=\"elementor-widget-container\">\n\t\t\t\t\t\t\t<div class=\"elementor-divider\">\n\t\t\t<span class=\"elementor-divider-separator\">\n\t\t\t\t\t\t<\/span>\n\t\t<\/div>\n\t\t\t\t\t\t<\/div>\n\t\t\t\t<\/div>\n\t\t\t\t\t<\/div>\n\t\t\t\t<\/div>\n\t\t<div class=\"elementor-element elementor-element-388b49f3 e-flex e-con-boxed e-con e-parent\" data-id=\"388b49f3\" data-element_type=\"container\" data-e-type=\"container\">\n\t\t\t\t\t<div class=\"e-con-inner\">\n\t\t\t\t<div class=\"elementor-element elementor-element-580bffc9 de_scroll_animation_no elementor-widget elementor-widget-text-editor\" data-id=\"580bffc9\" data-element_type=\"widget\" data-e-type=\"widget\" data-widget_type=\"text-editor.default\">\n\t\t\t\t<div class=\"elementor-widget-container\">\n\t\t\t\t\t\t\t\t\t\n<h3 class=\"wp-block-heading\">POL\u00cdTICA DE PRIVACIDAD PARA EL USO DE NUESTROS SITIOS WEB<\/h3>\n\n\n\n<h4 class=\"wp-block-heading\">INFORMACI\u00d3N SOBRE LA RECOGIDA DE DATOS PERSONALES<\/h4>\n\n\n\n<p>(1) A continuaci\u00f3n, te informamos sobre la recogida de datos personales al utilizar nuestro sitio web. Los datos personales incluyen todos los datos que te identifican personalmente, como tu nombre, direcci\u00f3n, direcciones de correo electr\u00f3nico, comportamiento de usuario. Esta informaci\u00f3n tiene por objeto informarte sobre nuestras actividades de tratamiento y cumplir con las obligaciones legales, en particular las derivadas del Reglamento General de Protecci\u00f3n de Datos de la UE (RGPD).  <\/p>\n\n\n\n<p>(2) El responsable del tratamiento de acuerdo con el Art. 4 P\u00e1rr. 7 del Reglamento General de Protecci\u00f3n de Datos de la UE (RGPD) es Bumblebee Folks GmbH, Gerda-Krueger-Nieland-Strasse 61, 76149 Karlsruhe, Email: <a href=\"info@bumblebeefolks.com.\" target=\"_blank\"><strong>info@bumblebeefolks.com <\/strong><\/a>Puedes ponerte en contacto con nuestro responsable de protecci\u00f3n de datos en dominik.gueneri@advizzr.net o por correo en nuestra direcci\u00f3n postal con el a\u00f1adido \u201cResponsable de protecci\u00f3n de datos\u201d. <\/p>\n<p>\n\n<\/p>\n<p>(3) Cuando te pongas en contacto con nosotros por correo electr\u00f3nico o a trav\u00e9s de un formulario de contacto, los datos que nos proporciones (tu direcci\u00f3n de correo electr\u00f3nico y, si procede, tu nombre y n\u00famero de tel\u00e9fono) ser\u00e1n almacenados por nosotros para responder a tus preguntas. Eliminamos los datos recogidos en este contexto cuando ya no son necesarios, o restringimos el tratamiento si existen obligaciones legales de conservaci\u00f3n. Si la consulta est\u00e1 asociada a un contrato, los datos se eliminar\u00e1n de acuerdo con los periodos de conservaci\u00f3n de la duraci\u00f3n del contrato.  <\/p>\n<p>\n\n<\/p>\n<p>(4) Si confiamos en proveedores de servicios encargados para funciones individuales de nuestra oferta o si tenemos la intenci\u00f3n de utilizar tus datos con fines publicitarios, siempre seleccionaremos y supervisaremos cuidadosamente a estos proveedores de servicios y te informaremos detalladamente sobre los procesos respectivos a continuaci\u00f3n. Tambi\u00e9n especificaremos los criterios para la duraci\u00f3n del almacenamiento. <\/p>\n<p> <strong><\/strong><\/p>\n<h4 style=\"margin-top: 30px;\">TUS DERECHOS<\/h4>\n<p>(1) Tienes los siguientes derechos sobre tus datos personales en relaci\u00f3n con nosotros:<\/p>\n<ul>\n<li style=\"font-size: 16px;\">Derecho a la informaci\u00f3n,<\/li>\n<li style=\"font-size: 16px;\">Derecho de rectificaci\u00f3n o supresi\u00f3n,<\/li>\n<li style=\"font-size: 16px;\">Derecho a restringir el tratamiento,<\/li>\n<li style=\"font-size: 16px;\">Derecho a oponerse al tratamiento,<\/li>\n<li style=\"font-size: 16px;\">Derecho a la portabilidad de los datos.<\/li>\n<\/ul>\n<p style=\"margin-top: 15px;\">(2) Tambi\u00e9n tienes derecho a presentar una reclamaci\u00f3n ante una autoridad supervisora de la protecci\u00f3n de datos en relaci\u00f3n con nuestro tratamiento de tus datos personales.<\/p>\n<h4 style=\"margin-top: 30px;\">RECOGIDA DE DATOS PERSONALES AL VISITAR NUESTRO SITIO WEB<\/h4>\n<p>(1) Si utilizas el sitio web s\u00f3lo con fines informativos, es decir, si no nos proporcionas informaci\u00f3n de otro modo, s\u00f3lo recopilamos los datos personales que tu navegador transmite a nuestro servidor. Si deseas ver nuestro sitio web, recopilamos los siguientes datos, que son t\u00e9cnicamente necesarios para mostrarte nuestro sitio web y para garantizar la estabilidad y la seguridad (la base jur\u00eddica es el Art. 6 P\u00e1rr. 1 S. 1 lit. f GDPR): <\/p>\n<ul>\n<li style=\"font-size: 16px;\">Direcci\u00f3n IP<\/li>\n<li style=\"font-size: 16px;\">Fecha y hora de la solicitud<\/li>\n<li style=\"font-size: 16px;\">Diferencia horaria con respecto al meridiano de Greenwich (GMT)<\/li>\n<li style=\"font-size: 16px;\">Contenido de la solicitud (p\u00e1gina espec\u00edfica)<\/li>\n<li style=\"font-size: 16px;\">Estado de acceso\/C\u00f3digo de estado HTTP<\/li>\n<li style=\"font-size: 16px;\">Cantidad de datos transferidos<\/li>\n<li style=\"font-size: 16px;\">Sitio web del que procede la solicitud<\/li>\n<li style=\"font-size: 16px;\">Navegador<\/li>\n<li style=\"font-size: 16px;\">Sistema operativo y su interfaz<\/li>\n<li style=\"font-size: 16px;\">Idioma y versi\u00f3n del software del navegador.<\/li>\n<\/ul>\n<p>(2) Adem\u00e1s de los datos mencionados anteriormente, pueden almacenarse cookies en tu ordenador cuando utilizas nuestro sitio web, ahora o en el futuro. Las cookies son peque\u00f1os archivos de texto almacenados en tu disco duro y asignados al navegador que utilizas, a trav\u00e9s de los cuales fluye cierta informaci\u00f3n a la entidad que establece la cookie (en este caso, nosotros). Las cookies no pueden ejecutar programas ni transmitir virus a tu ordenador. Sirven para hacer que la oferta de Internet sea m\u00e1s f\u00e1cil de usar y eficaz en general (la base legal es el Art. 6 P\u00e1rr. 1 S. 1 lit. a GDPR). Puedes eliminar o bloquear las cookies en cualquier momento a trav\u00e9s de la configuraci\u00f3n de tu navegador.    <\/p>\n<p>(3) En general, utilizamos las t\u00e9cnicas descritas anteriormente exclusivamente para mejorar la facilidad de uso y la funcionalidad de nuestros sitios web. Utilizamos estas t\u00e9cnicas en nuestro inter\u00e9s leg\u00edtimo para proporcionarte una oferta atractiva y completamente funcional basada en el Art\u00edculo 6 Para. 1 lit. f GDPR. Si se requiere tu consentimiento para el uso de cookies m\u00e1s all\u00e1 de esto, te pediremos tu consentimiento en el momento oportuno. Si las cookies se utilizan bas\u00e1ndose en tu consentimiento, la base legal es el Art. 6 P\u00e1rr. 1 S. 1 lit. a GDPR. Si no deseas que se utilicen las t\u00e9cnicas descritas anteriormente, puedes ajustarlo en la configuraci\u00f3n de tu navegador. All\u00ed, tambi\u00e9n puedes encontrar una lista de las cookies utilizadas si realmente se emplean.         <\/p>\n<p>(4) Explicaci\u00f3n especial sobre las cookies:<\/p>\n<p>a)Este sitio web puede utilizar los siguientes tipos de cookies, cuyo alcance y funcionalidad se explican a continuaci\u00f3n:<\/p>\n<ul>\n<li style=\"font-size: 16px;\">Cookies transitorias (ver b)<\/li>\n<li style=\"font-size: 16px;\">Cookies persistentes (ver c)<\/li>\n<\/ul>\n<p>b) Las cookies transitorias se eliminan autom\u00e1ticamente cuando cierras el navegador. Entre ellas se incluyen, en particular, las cookies de sesi\u00f3n. Almacenan el llamado ID de sesi\u00f3n, con el que se pueden asignar varias peticiones de tu navegador a la sesi\u00f3n com\u00fan. Esto permite reconocer tu ordenador cuando vuelves a nuestro sitio web. Las cookies de sesi\u00f3n se eliminan cuando te desconectas o cierras el navegador.    <\/p>\n<p>c) Las cookies persistentes se eliminan autom\u00e1ticamente despu\u00e9s de un per\u00edodo determinado, que puede variar en funci\u00f3n de la cookie. Puedes eliminar las cookies en cualquier momento en la configuraci\u00f3n de seguridad de tu navegador. <\/p>\n<p>d) Puedes configurar los ajustes de tu navegador seg\u00fan tus preferencias y, por ejemplo, negarte a aceptar cookies de terceros o todas las cookies. Sin embargo, te indicamos que es posible que no puedas utilizar todas las funciones de este sitio web. <\/p>\n<h4 style=\"margin-top: 30px;\">FUNCIONES Y OFERTAS ADICIONALES DE NUESTRO SITIO WEB<\/h4>\n<p>(1) Adem\u00e1s del uso puramente informativo de nuestro sitio web, podemos ofrecer varios servicios que puedes utilizar si est\u00e1s interesado. Para ello, por lo general necesitas proporcionar datos personales adicionales, que utilizamos para prestar el servicio correspondiente, y a los que se aplican los principios de tratamiento de datos mencionados anteriormente. <\/p>\n<p>(2) En algunos casos, utilizamos proveedores de servicios externos para procesar tus datos. Estos proveedores de servicios son cuidadosamente seleccionados y encargados por nosotros, est\u00e1n sujetos a nuestras instrucciones y son supervisados peri\u00f3dicamente. <\/p>\n<p>(3) Tambi\u00e9n podemos transmitir tus datos personales a terceros cuando la participaci\u00f3n en promociones, sorteos, conclusiones de contratos o servicios similares sean ofrecidos por nosotros junto con socios. Recibir\u00e1s informaci\u00f3n m\u00e1s detallada al respecto cuando facilites tus datos personales o m\u00e1s adelante en la descripci\u00f3n de la oferta. <\/p>\n<p>(4) Si nuestros proveedores de servicios o socios tienen su sede en un estado fuera del Espacio Econ\u00f3mico Europeo (EEE), te informaremos de las consecuencias de esta circunstancia en la descripci\u00f3n de la oferta.<\/p>\n<h4 style=\"margin-top: 30px;\">OPOSICI\u00d3N O RETIRADA DEL CONSENTIMIENTO AL TRATAMIENTO DE TUS DATOS<\/h4>\n<p>(1) Si has dado tu consentimiento al tratamiento de tus datos, puedes retirarlo en cualquier momento. Dicha retirada afecta a la licitud del tratamiento de tus datos personales despu\u00e9s de que nos lo hayas manifestado. <\/p>\n<p>(2) Si basamos el tratamiento de tus datos personales en una ponderaci\u00f3n de intereses, puedes oponerte al tratamiento. Este es el caso si el tratamiento no es especialmente necesario para la ejecuci\u00f3n de un contrato contigo, como explicaremos en la siguiente descripci\u00f3n de las funciones. Al ejercer dicha oposici\u00f3n, te pedimos que expliques las razones por las que no deber\u00edamos tratar tus datos personales como lo hemos hecho. En caso de que tu objeci\u00f3n est\u00e9 justificada, examinaremos la situaci\u00f3n y detendremos o ajustaremos el tratamiento de datos, o te demostraremos nuestras razones leg\u00edtimas imperiosas en las que nos basamos para continuar con el tratamiento.   <\/p>\n<p>(3) Por supuesto, puedes oponerte al tratamiento de tus datos personales con fines publicitarios y de an\u00e1lisis de datos en cualquier momento. Puedes informarnos de tu oposici\u00f3n a la publicidad utilizando los siguientes datos de contacto: Bumblebee Folks GmbH, Gerda-Krueger-Nieland-Stra\u00dfe 61, 76149 Karlsruhe, <strong>Correo electr\u00f3nico:<\/strong> <a href=\"info@bumblebeefolks.com\">info@bumblebeefolks.com<\/a> <\/p>\n<h4 style=\"margin-top: 30px;\">DURACI\u00d3N DEL ALMACENAMIENTO DE LOS DATOS PERSONALES<\/h4>\n<p>Almacenamos los datos personales de acuerdo con los periodos de conservaci\u00f3n legales (por ejemplo, los periodos de conservaci\u00f3n de la legislaci\u00f3n mercantil y fiscal). A continuaci\u00f3n, los datos correspondientes se eliminan, a menos que sean necesarios para el cumplimiento del contrato y\/o no exista un inter\u00e9s leg\u00edtimo en su almacenamiento. <\/p>\n<h3 style=\"margin-top: 30px;\">REDES SOCIALES Y PROVEEDORES EXTERNOS<\/h3>\n<h4>MEDIOS DE COMUNICACI\u00d3N SOCIAL<\/h4>\n<p>(1) Actualmente utilizamos los siguientes plug-ins de redes sociales y\/o enlazamos con los siguientes proveedores de plataformas de redes sociales: Facebook, Instagram, X (antes Twitter), LinkedIn, TikTok. Para los plug-ins, utilizamos la llamada soluci\u00f3n de dos clics. Esto significa que cuando visitas nuestro sitio, no se transmiten inicialmente datos personales a los proveedores de los plug-ins. Puedes identificar al proveedor del plug-in por la marca que aparece en el recuadro con su letra inicial o logotipo. Te damos la oportunidad de comunicarte directamente con el proveedor del plug-in a trav\u00e9s del bot\u00f3n. S\u00f3lo si haces clic en el campo marcado y lo activas, el proveedor del plug-in recibir\u00e1 la informaci\u00f3n de que has accedido al sitio web correspondiente de nuestra oferta online. En este caso, tambi\u00e9n se transmitir\u00e1n los datos mencionados en el apartado \u201cRECOGIDA DE DATOS PERSONALES AL VISITAR NUESTRA WEB (Apartado 1)\u201d. En el caso de enlaces puros a proveedores de plataformas de medios sociales, los datos mencionados en la secci\u00f3n \u201cRECOGIDA DE DATOS PERSONALES AL VISITAR NUESTRO SITIO WEB (P\u00e1rrafo 1)\u201d s\u00f3lo se transmitir\u00e1n al proveedor despu\u00e9s de hacer clic en el enlace. Dado que el proveedor del enlace recopila los datos principalmente a trav\u00e9s de cookies, te recomendamos que elimines todas las cookies en la configuraci\u00f3n de seguridad de tu navegador antes de hacer clic en la casilla atenuada.        <\/p>\n<p>(2) No tenemos ninguna influencia sobre los datos recopilados y los procedimientos de procesamiento de datos, ni tenemos pleno conocimiento del alcance de la recopilaci\u00f3n de datos, los fines del procesamiento o los periodos de almacenamiento. Tampoco tenemos informaci\u00f3n sobre la supresi\u00f3n de los datos recogidos por parte del proveedor correspondiente. <\/p>\n<p>(3) El proveedor del complemento almacena los datos recopilados sobre ti como perfiles de uso y los utiliza para publicidad, estudios de mercado y\/o el dise\u00f1o basado en las necesidades de su sitio web. Dicha evaluaci\u00f3n se lleva a cabo en particular (tambi\u00e9n para los usuarios que no han iniciado sesi\u00f3n) para mostrar publicidad basada en las necesidades e informar a otros usuarios de la red social sobre tus actividades en nuestro sitio web. Tienes derecho a oponerte a la creaci\u00f3n de estos perfiles de usuario, pero debes ponerte en contacto con el proveedor del plug-in correspondiente para ejercer este derecho. A trav\u00e9s de los plug-ins, te ofrecemos la oportunidad de interactuar con las redes sociales y con otros usuarios, mejorando as\u00ed nuestra oferta y haci\u00e9ndola m\u00e1s interesante para ti como usuario. La base legal para el uso de plug-ins y plataformas de redes sociales, incluido el enlace a las mismas, es el Art. 6 p\u00e1rr. 1 frase 1 lit. f GDPR. Si tambi\u00e9n se requiere el consentimiento para el uso de cookies, te pediremos que des tu consentimiento en el lugar apropiado. En el caso del uso de cookies basado en tu consentimiento, la base jur\u00eddica es el Art. 6 p\u00e1rr. 1 frase 1 lit. a GDPR.          <\/p>\n<p>(4) La transferencia de datos al utilizar plug-ins de redes sociales se produce independientemente de si tienes una cuenta con el proveedor del plug-in y has iniciado sesi\u00f3n en ella. Si has iniciado sesi\u00f3n con el proveedor del plug-in, los datos recopilados por nosotros se asignar\u00e1n directamente a tu cuenta con el proveedor del plug-in. Si pulsas el bot\u00f3n activado, por ejemplo para enlazar la p\u00e1gina, el proveedor del complemento tambi\u00e9n almacenar\u00e1 esta informaci\u00f3n en tu cuenta de usuario y la compartir\u00e1 p\u00fablicamente con tus contactos. Recomendamos cerrar la sesi\u00f3n regularmente despu\u00e9s de utilizar una red social, especialmente antes de activar el bot\u00f3n, ya que esto evitar\u00e1 la asignaci\u00f3n a tu perfil con el proveedor del complemento.   <\/p>\n<p>(5) Puedes encontrar m\u00e1s informaci\u00f3n sobre la finalidad y el alcance de la recogida de datos y su tratamiento por parte del proveedor en las pol\u00edticas de privacidad de estos proveedores que se enumeran a continuaci\u00f3n. All\u00ed tambi\u00e9n encontrar\u00e1s m\u00e1s informaci\u00f3n sobre tus derechos y opciones de configuraci\u00f3n para proteger tu privacidad. <\/p>\n<p>(6) Informaci\u00f3n adicional sobre los respectivos proveedores de plug-ins y enlaces URL a sus pol\u00edticas de privacidad:<\/p>\n<p>Seg\u00fan Facebook, las direcciones IP se anonimizan inmediatamente despu\u00e9s de su recopilaci\u00f3n en Alemania. No podemos excluir la posibilidad de que tus datos personales sean transmitidos y almacenados por el proveedor correspondiente (en el caso de los proveedores estadounidenses, en EE.UU.). Puedes encontrar m\u00e1s informaci\u00f3n sobre la finalidad y el alcance de la recogida de datos y su tratamiento por parte del proveedor aqu\u00ed: Meta Platforms Ireland Limited, 4 Grand Canal Square, Dubl\u00edn 2, Irlanda, <a href=\"https:\/\/www.facebook.com\/terms?%20target=\" _blank=\"\" ref=\"pf\"\">https:\/\/www.facebook.com\/terms?ref=pf<\/a> y <a href=\"http:\/\/www.facebook.com\/policy.php\" target=\"_blank\">http:\/\/www.facebook.com\/policy.php.<\/a> Meta Platforms, Inc. se ha comprometido con el Marco de Privacidad de Datos UE-EE.UU., <a href=\"https:\/\/www.dataprivacyframework.gov\/list\" target=\"_blank\">https:\/\/www.dataprivacyframework.gov\/list<\/a>. Adem\u00e1s, el ADENDA DE TRANSFERENCIA DE DATOS DE META PARA LA TRANSFERENCIA DE DATOS EUROPEOS<a href=\"https:\/\/www.facebook.com\/legal\/EU_data_transfer_addenDum\" target=\"_blank\">(https:\/\/www.facebook.com\/legal\/EU_data_transf er_addenDum<\/a>) se celebra con el proveedor por defecto.    <\/p>\n<p>Seg\u00fan Instagram, las direcciones IP se anonimizan inmediatamente despu\u00e9s de su recopilaci\u00f3n en Alemania. No podemos excluir la posibilidad de que tus datos personales sean transmitidos y almacenados por el proveedor correspondiente (en el caso de los proveedores estadounidenses, en EE.UU.). Puedes encontrar m\u00e1s informaci\u00f3n sobre la finalidad y el alcance de la recogida de datos y su tratamiento por parte del proveedor aqu\u00ed: Meta Platforms Ireland Limited, 4 Grand Canal Square, Dubl\u00edn 2, Irlanda, <a href=\"https:\/\/help.instagram.com\/155833707900388\" target=\"_blank\">https:\/\/help.instagram.com\/155833707900388,<\/a> <a href=\"https:\/\/www.facebook.com\/terms?ref=pf\">https:\/\/www.facebook.com\/terms?ref=pf<\/a> y <a href=\"http:\/\/www.facebook.com\/policy.php\" target=\"_blank\">http:\/\/www.facebook.com\/policy.php.<\/a> Meta Platforms, Inc. se ha comprometido con el Marco de Privacidad de Datos UE-EE.UU., <a href=\"https:\/\/www.dataprivacyframework.gov\/list%20target=\" _blank=\"\">https:\/\/www.dataprivacyframework.gov\/list<\/a>. Adem\u00e1s, el ADENDA DE TRANSFERENCIA DE DATOS DE META PARA LA TRANSFERENCIA DE DATOS EUROPEOS<a href=\"https:\/\/www.facebook.com\/legal\/EU_data_transfer_addenDum\" target=\"_blank\">(https:\/\/www.facebook.com\/legal\/EU_data_transf er_addenDum<\/a>) se celebra con el proveedor por defecto.    <\/p>\n<p>Twitter, Inc., 1355 Market St, Suite 900, San Francisco, California 94103, EE.UU.; <a href=\"https:\/\/x.com\/privacy\" target=\"_blank\">https:\/\/x.com\/privacy<\/a>. Twitter se ha comprometido con el Marco de Privacidad de Datos UE-EE.UU., <a href=\"https:\/\/www.dataprivacyframework.gov\/list\" target=\"_blank\">https:\/\/www.dataprivacyframework.gov\/list<\/a>. <\/p>\n<p>LinkedIn Corporation, 2029 Stierlin Court, Mountain View, California 94043, EE.UU.; <a href=\"http:\/\/www.linkedin.com\/legal\/privacy-policy\" target=\"_blank\">http:\/\/www.linkedin.com\/legal\/privacy-policy<\/a>. LinkedIn se ha comprometido con el Marco de Privacidad de Datos UE-EE.UU., <a href=\"https:\/\/www.dataprivacyframework.gov\/list\" target=\"_blank\">https:\/\/www.dataprivacyframework.gov\/list<\/a>. <\/p>\n<p>TikTok para usuarios en Alemania y Austria es ofrecido por TikTok Technology Limited, 10 Earlsfort Terrace, Dubl\u00edn, D02 T380, Irlanda. Puedes encontrar m\u00e1s informaci\u00f3n sobre el tratamiento de datos en los avisos de privacidad: <a href=\"https:\/\/www.tiktok.com\/privacy\/learn-about-data\/de\" target=\"_blank\">https:\/\/www.tiktok.com\/privacy\/learn-about-data\/de.<\/a> El pie de imprenta puede encontrarse aqu\u00ed: <a href=\"https:\/\/www.tiktok.com\/legal\/page\/global\/impressum\/de\" target=\"_blank\">https:\/\/www.tiktok.com\/legal\/page\/global\/impressum\/de.<\/a>  <\/p>\n<h4 style=\"margin-top: 30px;\">ALOJAMIENTO<\/h4>\n<p>(1) Nuestro sitio web est\u00e1 alojado en un proveedor de servicios externo (proveedor de alojamiento). El proveedor de alojamiento proporciona la infraestructura y los recursos t\u00e9cnicos necesarios para que nuestro sitio web funcione de forma segura y fiable. Varios datos personales se procesan y almacenan en los servidores del proveedor de alojamiento como parte del uso de nuestro sitio web.  <\/p>\n<p>(2) La recogida y el tratamiento de datos personales en el contexto del alojamiento se llevan a cabo de conformidad con el GDPR. La base jur\u00eddica de este tratamiento es el Art. 6 P\u00e1rr. 1 lit. f GDPR, ya que tenemos un inter\u00e9s leg\u00edtimo en operar nuestro sitio web de forma segura y eficiente.   <\/p>\n<p>(3) Los datos procesados en el contexto del alojamiento incluyen la direcci\u00f3n IP del sistema de acceso, la fecha y hora del acceso, la diferencia horaria con respecto a la hora del meridiano de Greenwich (GMT), el contenido de la solicitud (p\u00e1gina espec\u00edfica), el estado del acceso\/c\u00f3digo de estado HTTP, la cantidad de datos transferidos, el sitio web del que procede la solicitud, el navegador, el sistema operativo y su interfaz, as\u00ed como el idioma y la versi\u00f3n del software del navegador.<\/p>\n<p>(4) El proveedor de alojamiento procesa estos datos exclusivamente seg\u00fan nuestras instrucciones y en el marco de un acuerdo de procesamiento de datos de conformidad con el Art. 28 GDPR. Hemos seleccionado cuidadosamente al proveedor de alojamiento y controlamos peri\u00f3dicamente que el tratamiento de los datos se realice de conformidad con los requisitos legales. <\/p>\n<p>(5) El almacenamiento de datos personales s\u00f3lo tiene lugar mientras sea necesario para cumplir la finalidad para la que se recopilaron o hasta que expiren los periodos de conservaci\u00f3n legales. Tras el cumplimiento de la finalidad o la expiraci\u00f3n de los periodos de conservaci\u00f3n legales, los datos ser\u00e1n eliminados. <\/p>\t\t\t\t\t\t\t\t<\/div>\n\t\t\t\t<\/div>\n\t\t\t\t\t<\/div>\n\t\t\t\t<\/div>\n\t\t\t\t<\/div>\n\t\t","protected":false},"excerpt":{"rendered":"<p>Pol\u00edtica de privacidad POL\u00cdTICA DE PRIVACIDAD PARA EL USO DE NUESTROS SITIOS WEB INFORMACI\u00d3N SOBRE LA RECOGIDA DE DATOS PERSONALES (1) A continuaci\u00f3n, te informamos sobre la recogida de datos personales al utilizar nuestro sitio web. Los datos personales incluyen todos los datos que te identifican personalmente, como tu nombre, direcci\u00f3n, direcciones de correo electr\u00f3nico, [&hellip;]<\/p>\n","protected":false},"author":1,"featured_media":0,"parent":0,"menu_order":0,"comment_status":"closed","ping_status":"open","template":"","meta":{"footnotes":""},"class_list":["post-2803","page","type-page","status-publish","hentry"],"_links":{"self":[{"href":"https:\/\/bumblebeefolks.com\/es\/wp-json\/wp\/v2\/pages\/2803","targetHints":{"allow":["GET"]}}],"collection":[{"href":"https:\/\/bumblebeefolks.com\/es\/wp-json\/wp\/v2\/pages"}],"about":[{"href":"https:\/\/bumblebeefolks.com\/es\/wp-json\/wp\/v2\/types\/page"}],"author":[{"embeddable":true,"href":"https:\/\/bumblebeefolks.com\/es\/wp-json\/wp\/v2\/users\/1"}],"replies":[{"embeddable":true,"href":"https:\/\/bumblebeefolks.com\/es\/wp-json\/wp\/v2\/comments?post=2803"}],"version-history":[{"count":3,"href":"https:\/\/bumblebeefolks.com\/es\/wp-json\/wp\/v2\/pages\/2803\/revisions"}],"predecessor-version":[{"id":2809,"href":"https:\/\/bumblebeefolks.com\/es\/wp-json\/wp\/v2\/pages\/2803\/revisions\/2809"}],"wp:attachment":[{"href":"https:\/\/bumblebeefolks.com\/es\/wp-json\/wp\/v2\/media?parent=2803"}],"curies":[{"name":"wp","href":"https:\/\/api.w.org\/{rel}","templated":true}]}}